{"id":2554,"date":"2021-01-26T15:19:03","date_gmt":"2021-01-26T14:19:03","guid":{"rendered":"https:\/\/www.spundbohle.at\/impressum\/"},"modified":"2022-10-19T15:44:28","modified_gmt":"2022-10-19T13:44:28","slug":"imprint","status":"publish","type":"page","link":"https:\/\/www.spundbohle.at\/es\/imprint\/","title":{"rendered":"Imprint"},"content":{"rendered":"<p>Hirnb\u00f6ck Stabau GmbH<\/p>\n<p>Aubergstra\u00dfe 27<br \/>\n5161 Elixhausen \/ \u00d6sterreich<\/p>\n<p>T.: +43 662 450613<br \/>\nF.: +43 662 450613 514<br \/>\nE.: <a href=\"mailto:office@spundbohle.at\">office@spundbohle.at<\/a><br \/>\nH.: www.spundbohle.at<\/p>\n<h3>Informaci\u00f3n legal<\/h3>\n<p><strong>Director general: <\/strong>Fritz Hirnb\u00f6ck<br \/>\n<strong>N\u00famero UID: <\/strong>ATU57809688<br \/>\n<strong>Registro de empresa: <\/strong>FN246349d<br \/>\n<strong>Tribunal de comercio: <\/strong>LG Salzburg<br \/>\n<strong>C\u00e1mara:<\/strong> Wirtschaftskammer Salzburg, Sparte Handel<br \/>\n<strong>Legislation: <\/strong>Gewerbeordnung: <a href=\"http:\/\/www.ris.bka.gv.at\">www.ris.bka.gv.at<\/a><br \/>\nBezirkshauptmannschaft Salzburg<br \/>\n<strong>Objeto social: <\/strong>Handel mit Stahlprofilen<br \/>\n<strong>Editor y propietario de medios:<\/strong><br \/>\nHirnb\u00f6ck Stabau GmbH<br \/>\nFritz Hirnb\u00f6ck<br \/>\nAubergstra\u00dfe 27<br \/>\n5161 Elixhausen<\/p>\n<p>&nbsp;<\/p>\n<h3>Informaciones legales<\/h3>\n<p>Hirnb\u00f6ck Stabau GmbH eval\u00faa y actualiza permanentemente las informaciones contenidas en sus p\u00e1ginas web. Sin embargo algunos datos pueden haber sido modificados con el tiempo. Por esa raz\u00f3n no podemos asumir ninguna responsabilidad o garant\u00eda de actualidad, exactitud o integridad de las informaciones que se encuentran a disposici\u00f3n. Lo mismo es v\u00e1lido para todos aquellos sitios web a los que se deriva a trav\u00e9s del hiperenlace. El acceso a este tipo de sitios web ser\u00e1 por propia cuenta y riesgo.<\/p>\n<p>Hirnb\u00f6ck Stabau GmbH no es responsable por el contenido de estos sitios web de acceso a trav\u00e9s de este tipo de conexi\u00f3n. Asimismo, Doktorschl\u00f6ssl Salzburg se reserva el derecho tanto de introducir modificaciones como de ampliar en todo momento las informaciones disponibles. El contenido y la estructura de estos sitios web est\u00e1n protegidos por los derechos de propiedad del autor. Cualquier reproducci\u00f3n de informaciones, sobre todo la utilizaci\u00f3n de textos, partes de textos o im\u00e1genes requiere de la autorizaci\u00f3n previa del autor, quien en caso de dudas ser\u00e1 WDW WerbeDesign Wanger e.U.<\/p>\n<p>Las siguientes p\u00e1ginas contienen informaci\u00f3n legal adicional de la compa\u00f1\u00eda Hirnb\u00f6ck Stabau GmbH:<\/p>\n<ul>\n<li><a href=\"https:\/\/www.spundbohle.at\/es\/gtc\/\">T\u00e9rminos y condiciones generales de contrataci\u00f3n<\/a><\/li>\n<li><a href=\"https:\/\/www.spundbohle.at\/es\/cga\/\">T\u00e9rminos y condiciones generales de alquiler<\/a><\/li>\n<li><a href=\"https:\/\/www.spundbohle.at\/es\/politica-de-privacidad\/\">Pol\u00edtica de privacidad<\/a><\/li>\n<\/ul>\n<h3>Reglamento de la UE con respecto a la resoluci\u00f3n de conflictos<\/h3>\n<p>Obligaci\u00f3n de informaci\u00f3n de acuerdo al Reglamento (UE) No. 524\/2013 del Parlamento y Consejo Europeo: Enlace hacia la p\u00e1gina principal del Reglamento sobre la resoluci\u00f3n de litigios en l\u00ednea en materia de consumo de la Comisi\u00f3n Europea: <a href=\"http:\/\/ec.europa.eu\/consumers\/odr\/\">http:\/\/ec.europa.eu\/consumers\/odr\/<\/a><\/p>\n<p>Estamos a disposici\u00f3n en\u00a0<a href=\"mailto:office@spundbohle.at\">office@spundbohle.at<\/a> para las primeras consultas con respecto a una posible resoluci\u00f3n de un litigio.<\/p>\n<h3>Agencia de publicidad<\/h3>\n<p>Internetagentur &amp; Werbeagentur<br \/>\nWDW WerbeDesign Wanger e.U.<br \/>\n5071 Wals bei Salzburg \/ Austria<br \/>\nH.: <a title=\"WDW WerbeDesign Wanger e.U. - WERBUNG DIE WIRKT\" href=\"https:\/\/www.wdw.at\/\" target=\"_blank\" rel=\"noopener\">www.wdw.at<\/a><\/p>\n","protected":false},"excerpt":{"rendered":"<p>Hirnb\u00f6ck Stabau GmbH Aubergstra\u00dfe 27 5161 Elixhausen \/ \u00d6sterreich T.: +43 662 450613 F.: +43 662 450613 514 E.: office@spundbohle.at H.: www.spundbohle.at Informaci\u00f3n legal Director general: Fritz Hirnb\u00f6ck N\u00famero UID: ATU57809688 Registro de empresa: FN246349d Tribunal de comercio: LG Salzburg C\u00e1mara: Wirtschaftskammer Salzburg, Sparte Handel Legislation: Gewerbeordnung: www.ris.bka.gv.at Bezirkshauptmannschaft Salzburg Objeto social: Handel mit Stahlprofilen [&hellip;]<\/p>\n","protected":false},"author":1,"featured_media":0,"parent":0,"menu_order":1000,"comment_status":"closed","ping_status":"closed","template":"","meta":{"_acf_changed":false,"footnotes":""},"class_list":["post-2554","page","type-page","status-publish","hentry"],"acf":[],"_links":{"self":[{"href":"https:\/\/www.spundbohle.at\/es\/wp-json\/wp\/v2\/pages\/2554","targetHints":{"allow":["GET"]}}],"collection":[{"href":"https:\/\/www.spundbohle.at\/es\/wp-json\/wp\/v2\/pages"}],"about":[{"href":"https:\/\/www.spundbohle.at\/es\/wp-json\/wp\/v2\/types\/page"}],"author":[{"embeddable":true,"href":"https:\/\/www.spundbohle.at\/es\/wp-json\/wp\/v2\/users\/1"}],"replies":[{"embeddable":true,"href":"https:\/\/www.spundbohle.at\/es\/wp-json\/wp\/v2\/comments?post=2554"}],"version-history":[{"count":1,"href":"https:\/\/www.spundbohle.at\/es\/wp-json\/wp\/v2\/pages\/2554\/revisions"}],"predecessor-version":[{"id":4282,"href":"https:\/\/www.spundbohle.at\/es\/wp-json\/wp\/v2\/pages\/2554\/revisions\/4282"}],"wp:attachment":[{"href":"https:\/\/www.spundbohle.at\/es\/wp-json\/wp\/v2\/media?parent=2554"}],"curies":[{"name":"wp","href":"https:\/\/api.w.org\/{rel}","templated":true}]}}