{"id":2790,"date":"2022-01-17T13:12:03","date_gmt":"2022-01-17T12:12:03","guid":{"rendered":"https:\/\/www.spundbohle.at\/avbs\/"},"modified":"2025-05-19T14:38:24","modified_gmt":"2025-05-19T12:38:24","slug":"cga","status":"publish","type":"page","link":"https:\/\/www.spundbohle.at\/es\/cga\/","title":{"rendered":"CGA"},"content":{"rendered":"<ol>\n<li><b><strong>\u00c1mbito de aplicaci\u00f3n<\/strong><\/b>\n<ol>\n<li>Las presentes condiciones generales de alquiler (en lo sucesivo, \u00abCGA\u00bb) se aplicar\u00e1n a todos los contratos de alquiler celebrados con nosotros.<\/li>\n<li>Las condiciones comerciales del arrendatario que sean contrarias o difieran de las CGA solo ser\u00e1n v\u00e1lidas si las reconocemos expresamente.<\/li>\n<li>Las condiciones generales del arrendatario tampoco ser\u00e1n vinculantes aunque no se haya rechazado expresamente su validez. Queda excluido el reconocimiento t\u00e1cito de las condiciones generales del arrendatario mediante un comportamiento concluyente.<\/li>\n<\/ol>\n<\/li>\n<li><b><strong>Precios y condiciones de pago<\/strong><\/b>\n<ol>\n<li>Salvo que se acuerde lo contrario, los precios de alquiler se aplicar\u00e1n desde el almac\u00e9n de alquiler.<\/li>\n<li>El alquiler se facturar\u00e1 a final de mes. Los meses parciales que superen el periodo m\u00ednimo de alquiler se facturar\u00e1n proporcionalmente por d\u00edas.<\/li>\n<li>Todas las facturas emitidas por alquiler, gastos de producci\u00f3n, recortes o p\u00e9rdidas, gastos de transporte o compra del objeto alquilado deber\u00e1n abonarse en un plazo de 14 d\u00edas a partir de la fecha de facturaci\u00f3n, sin ning\u00fan tipo de descuento.<\/li>\n<li>Si se acuerda un alquiler por un per\u00edodo fijo, el alquiler para dicho per\u00edodo se facturar\u00e1 tras la entrega del objeto alquilado. Los alquileres posteriores se facturar\u00e1n mensualmente a posteriori.<\/li>\n<li>Para la compensaci\u00f3n por recortes, da\u00f1os totales o en caso de compra del objeto alquilado, se facturar\u00e1n los perfiles y longitudes realmente entregados.<\/li>\n<li>En caso de compra del objeto alquilado por parte del arrendatario, la propiedad del objeto alquilado solo se transferir\u00e1 al arrendatario una vez que se hayan liquidado todas las deudas derivadas del contrato de alquiler y se haya abonado \u00edntegramente el precio de compra (reserva de propiedad).<\/li>\n<li>En caso de demora en el pago, el arrendatario estar\u00e1 obligado a pagar intereses de demora por un importe del 8 % sobre el tipo de inter\u00e9s b\u00e1sico del Banco Central Europeo. Esto no afecta al derecho a reclamar da\u00f1os y perjuicios por mora que superen dicho importe. En caso de incumplimiento de nuestras condiciones de pago, as\u00ed como en circunstancias que pongan en duda la solvencia del arrendatario, todas nuestras reclamaciones ser\u00e1n exigibles de inmediato, independientemente de cualquier aplazamiento que se haya concedido.<\/li>\n<li>En caso de demora en el pago y en caso de insolvencia, tendremos derecho a facturar los gastos acordados por la no devoluci\u00f3n del objeto alquilado.<\/li>\n<\/ol>\n<\/li>\n<li><b><strong>Entrega del objeto alquilado<\/strong><\/b>\n<ol>\n<li>Salvo que se acuerde lo contrario, el arrendatario deber\u00e1 recoger el objeto alquilado en nuestro almac\u00e9n, corriendo los gastos a su cargo.<\/li>\n<li>Todos los transportes deber\u00e1n acordarse directamente con nuestro almac\u00e9n con la debida antelaci\u00f3n, en cualquier caso, 3 d\u00edas h\u00e1biles antes de la recogida.<\/li>\n<li>No nos hacemos responsables de los tiempos de espera y carga.<\/li>\n<li>La entrega del objeto alquilado solo se realizar\u00e1 tras la recepci\u00f3n del contrato de alquiler firmado y aceptado por el arrendatario.<\/li>\n<li>Salvo que se acuerde expresamente la entrega de perfiles de acero nuevos, tambi\u00e9n se podr\u00e1n entregar piezas usadas.<\/li>\n<\/ol>\n<\/li>\n<li><b><strong>Duraci\u00f3n del alquiler<\/strong><\/b>\n<ol>\n<li>El periodo de alquiler comienza, por regla general, el d\u00eda en que el objeto alquilado se pone a disposici\u00f3n para su recogida en nuestro almac\u00e9n.<\/li>\n<li>En caso de entrega por nuestra parte, el alquiler comienza con la llegada del objeto alquilado al lugar de uso.<\/li>\n<li>Salvo que se acuerde lo contrario, la duraci\u00f3n m\u00ednima del alquiler es de 3 meses.<\/li>\n<li>Un mes de alquiler se calcula, por regla general, sobre la base de 30 d\u00edas.<\/li>\n<li>El periodo de alquiler finaliza el d\u00eda en que el objeto alquilado es devuelto por el arrendatario a nuestro almac\u00e9n en el estado acordado en el contrato.<\/li>\n<li>Si el contrato de alquiler se ha celebrado por un periodo de alquiler fijo, no podr\u00e1 rescindirse de forma ordinaria antes de su vencimiento. Nos reservamos el derecho a la rescisi\u00f3n extraordinaria de conformidad con las disposiciones del punto 11. No se reembolsar\u00e1 el alquiler en caso de devoluci\u00f3n anticipada del material.<\/li>\n<\/ol>\n<\/li>\n<li><b><strong>Uso del objeto alquilado<\/strong><\/b>\n<ol>\n<li>El arrendatario est\u00e1 obligado a asegurar el objeto alquilado de forma adecuada contra da\u00f1os, p\u00e9rdida y destrucci\u00f3n durante el periodo comprendido entre la recogida y la devoluci\u00f3n. A petici\u00f3n nuestra, el arrendatario deber\u00e1 acreditar que dispone de un seguro adecuado.<\/li>\n<li>No se permite modificar el objeto alquilado ni cederlo a terceros de ninguna forma sin nuestro consentimiento por escrito.<\/li>\n<li>El uso del objeto alquilado en un lugar distinto al lugar de uso o proyecto de construcci\u00f3n acordado no est\u00e1 permitido sin nuestro consentimiento expreso por escrito. Si el arrendatario incumple esta obligaci\u00f3n, estar\u00e1 obligado a pagar por cada incumplimiento una penalizaci\u00f3n contractual no sujeta al derecho de moderaci\u00f3n judicial equivalente al doble del alquiler m\u00ednimo acordado.<\/li>\n<li>El arrendatario deber\u00e1 utilizar el objeto alquilado con cuidado, tratarlo con esmero y protegerlo de cualquier tipo de uso excesivo y da\u00f1os.<\/li>\n<li>En caso de p\u00e9rdida o da\u00f1os causados por un uso excesivo de los objetos alquilados, el arrendatario deber\u00e1 reembolsar el precio de p\u00e9rdida acordado contractualmente.<\/li>\n<li>Tenemos derecho a inspeccionar el objeto alquilado en cualquier momento en el lugar de uso y a comprobar su estado correcto.<\/li>\n<li>La transferencia del riesgo por parte del arrendatario solo finalizar\u00e1 tras la devoluci\u00f3n correcta del objeto alquilado a nuestro almac\u00e9n.<\/li>\n<li>En caso de destrucci\u00f3n, p\u00e9rdida, da\u00f1o o robo de los objetos alquilados, el arrendatario deber\u00e1 indemnizarnos por los da\u00f1os ocasionados, reembols\u00e1ndonos la p\u00e9rdida de material por el precio de p\u00e9rdida acordado o, en caso de que no se haya acordado, por el precio de reposici\u00f3n en el momento de la p\u00e9rdida. Esto no afecta a la obligaci\u00f3n del arrendatario de pagar el alquiler acordado.<\/li>\n<li>Si el arrendatario alquila objetos de alquiler de varios arrendadores del mismo tipo o similar, que se utilizan en una obra, el arrendatario est\u00e1 obligado a identificar los objetos alquilados por nosotros de forma que se puedan distinguir, sin que los objetos de alquiler sufran da\u00f1os. Si no cumple debidamente con esta obligaci\u00f3n, deber\u00e1 indemnizar los da\u00f1os correspondientes.<\/li>\n<\/ol>\n<\/li>\n<li><b><strong>Reclamaciones, garant\u00eda, indemnizaci\u00f3n por da\u00f1os y perjuicios<\/strong><\/b>\n<ol>\n<li>El arrendatario est\u00e1 obligado a examinar la mercanc\u00eda inmediatamente despu\u00e9s de su recepci\u00f3n para detectar posibles defectos, incluso visuales.<\/li>\n<li>La reclamaci\u00f3n de cantidades faltantes requiere la presentaci\u00f3n de una confirmaci\u00f3n del transportista.<\/li>\n<li>Se debe evitar el tratamiento y la transformaci\u00f3n de la mercanc\u00eda defectuosa.<\/li>\n<li>Las reclamaciones de cualquier tipo deber\u00e1n presentarse por escrito inmediatamente despu\u00e9s de la recepci\u00f3n de la mercanc\u00eda, en caso de defectos evidentes, en cualquier caso antes de su procesamiento, y en caso de defectos ocultos, inmediatamente despu\u00e9s de su descubrimiento.<\/li>\n<li>Los da\u00f1os causados por las influencias meteorol\u00f3gicas o por un almacenamiento inadecuado est\u00e1n excluidos de la garant\u00eda.<\/li>\n<li>Solo estaremos obligados a indemnizar por da\u00f1os y perjuicios de cualquier tipo, independientemente de la base jur\u00eddica en que se basen, en caso de culpa grave (dolo y negligencia grave) o por la falta de las caracter\u00edsticas garantizadas en el contrato.<\/li>\n<li>Queda excluida cualquier responsabilidad por da\u00f1os consecuenciales.<\/li>\n<\/ol>\n<\/li>\n<li><b><strong>Intervenciones en la propiedad<\/strong><\/b>\n<ol>\n<li>El arrendatario est\u00e1 obligado a informarnos inmediatamente de cualquier medida administrativa, judicial o de otro tipo tomada por terceros (embargos, incautaciones, etc.) en relaci\u00f3n con los objetos alquilados que sean de nuestra propiedad y a informar a los terceros de nuestra propiedad.<\/li>\n<li>El arrendatario correr\u00e1 con todos los gastos de las medidas e intervenciones judiciales y extrajudiciales que se adopten para defenderse o eliminar la injerencia.<\/li>\n<\/ol>\n<\/li>\n<li><b><strong>Devoluci\u00f3n del objeto alquilado<\/strong><\/b>\n<ol>\n<li>El arrendatario est\u00e1 obligado a devolver el objeto alquilado a nuestro almac\u00e9n, a su cargo, inmediatamente despu\u00e9s de finalizar el periodo de uso en el lugar indicado en el contrato de alquiler.<\/li>\n<li>No est\u00e1 permitido devolver perfiles equivalentes u otros perfiles en lugar del objeto alquilado.<\/li>\n<li>Los transportes deben acordarse con nuestro almac\u00e9n con la debida antelaci\u00f3n, en cualquier caso, 3 d\u00edas h\u00e1biles antes de la devoluci\u00f3n.<\/li>\n<li>El objeto alquilado debe ser devuelto por el arrendatario en el mismo estado en que se recibi\u00f3, limpio y en perfecto estado de funcionamiento. Las cerraduras de los tablestacas deben estar libres de suciedad. Los extremos de los perfiles doblados deben recortarse en \u00e1ngulo recto. Los orificios de anclaje y otros orificios (tama\u00f1o m\u00e1ximo 200 mm \u00d7 200 mm), excepto un orificio de extracci\u00f3n de 40\/300 mm por cada tabl\u00f3n individual, deben soldarse de forma profesional y herm\u00e9tica. Todos los perfiles deben estar libres de adherencias y perfiles angulares. La desviaci\u00f3n m\u00e1xima de la rectitud es de +\/- 2 % de la longitud del perfil. La desviaci\u00f3n de la anchura del perfil est\u00e1 limitada a +\/- 2 % en tablones dobles y a +\/- 3 % de la anchura de construcci\u00f3n correspondiente en tablones dobles.<\/li>\n<li>El arrendatario deber\u00e1 realizar a su cargo todas las reparaciones y el mantenimiento necesarios que sean necesarios debido al uso del objeto alquilado.<\/li>\n<li>Tenemos derecho a denegar la devoluci\u00f3n de los objetos alquilados que no est\u00e9n limpios o en perfecto estado de funcionamiento hasta que el arrendatario los haya puesto en las condiciones adecuadas.<\/li>\n<li>Mientras el objeto alquilado no haya sido devuelto en las condiciones adecuadas, se deber\u00e1 abonar una tarifa de uso equivalente al alquiler acordado.<\/li>\n<li>Si no es posible devolver el objeto alquilado de conformidad con el contrato o si se produce un da\u00f1o total, deber\u00e1 pagarse el objeto alquilado.<\/li>\n<\/ol>\n<\/li>\n<li><b><strong>Preparaci\u00f3n y reparaciones<\/strong><\/b>\n<ol>\n<li>No nos es posible realizar una inspecci\u00f3n inmediata y exhaustiva del objeto alquilado en el momento de su devoluci\u00f3n. Nos reservamos el derecho a detectar y registrar los defectos y da\u00f1os en un plazo de 6 semanas tras la recepci\u00f3n de la mercanc\u00eda. El informe se pondr\u00e1 en conocimiento del arrendatario. Si se detectan defectos, estos ser\u00e1n subsanados por nosotros y los gastos correspondientes se facturar\u00e1n al arrendatario de acuerdo con las condiciones establecidas en el contrato de alquiler.<\/li>\n<li>Si no es posible reparar el objeto alquilado o si la reparaci\u00f3n no es econ\u00f3micamente viable, el arrendatario deber\u00e1 reembolsarnos la p\u00e9rdida de material por el precio de p\u00e9rdida fijado en el contrato o, si este no se ha acordado, por el precio de compra actual.<\/li>\n<\/ol>\n<\/li>\n<li><b><strong>Longitudes m\u00ednimas de devoluci\u00f3n, tras el acondicionamiento<\/strong><\/b>\n<ol>\n<li>El objeto alquilado podr\u00e1 acortarse como m\u00e1ximo un 10 % de la longitud de entrega.<\/li>\n<li>Las longitudes de los perfiles se indican en tramos de 0,50 m. La tolerancia de longitud admisible es de +\/- 0,25 m.<\/li>\n<li>Los objetos alquilados que no cumplan las longitudes m\u00ednimas de devoluci\u00f3n antes o despu\u00e9s del acondicionamiento se facturar\u00e1n como da\u00f1os totales. Estos se mantendr\u00e1n en nuestro almac\u00e9n durante 1 mes despu\u00e9s de la facturaci\u00f3n para que el cliente los recoja. Si el arrendatario no recoge estos da\u00f1os totales dentro de este plazo, se eliminar\u00e1n sin indemnizaci\u00f3n alguna para el arrendatario.<\/li>\n<\/ol>\n<\/li>\n<li><b><strong>Rescisi\u00f3n inmediata del contrato de alquiler<\/strong><\/b>\n<ol>\n<li>Tenemos derecho a rescindir el contrato de alquiler antes de tiempo si el arrendatario incurre en mora total o parcial en el pago de una cuota vencida, hace un uso indebido del objeto alquilado o incumple cualquier otra disposici\u00f3n del contrato.<\/li>\n<li>Solo alquilamos al arrendatario si el contrato de alquiler y, en particular, el precio de p\u00e9rdida pueden estar cubiertos por nuestro seguro de cr\u00e9dito comercial. Si, tras la celebraci\u00f3n del contrato, se comprueba que no es posible obtener una cobertura total o parcial a trav\u00e9s de nuestro seguro de cr\u00e9dito comercial o que la cobertura del seguro se extingue total o parcialmente, tendremos derecho a rescindir el contrato de alquiler antes de tiempo.<\/li>\n<li>En estos casos, tenemos derecho a asegurar y retirar el objeto alquilado. Los gastos correspondientes, incluidos los gastos de recuperaci\u00f3n, transporte y carga, correr\u00e1n \u00edntegramente a cargo del arrendatario.<\/li>\n<li>Tambi\u00e9n podremos rescindir el contrato sin previo aviso si la situaci\u00f3n financiera del arrendatario se deteriora de tal manera que ya no est\u00e9 garantizado el pago de los alquileres y los gastos, o si se inicia o se ha iniciado un procedimiento de conciliaci\u00f3n o quiebra sobre el patrimonio del arrendatario, as\u00ed como si no se ha iniciado un procedimiento de insolvencia por falta de patrimonio que cubra los gastos.<\/li>\n<li>Quedan reservados los derechos que nos asisten por ley para la rescisi\u00f3n sin preaviso por causa grave.<\/li>\n<li>Si el contrato es rescindido por nuestra parte sin preaviso por uno de los motivos mencionados anteriormente, podremos compensar nuestros da\u00f1os sin necesidad de presentar pruebas adicionales con una penalizaci\u00f3n no sujeta al derecho de moderaci\u00f3n judicial, correspondiente al doble del alquiler m\u00ednimo acordado. Nos reservamos expresamente el derecho a reclamar una indemnizaci\u00f3n por da\u00f1os y perjuicios que exceda de lo anterior.<\/li>\n<\/ol>\n<\/li>\n<li><b><strong>Derecho aplicable, lugar de cumplimiento, jurisdicci\u00f3n y nulidad parcial<\/strong><\/b>\n<ol>\n<li>Todas las relaciones comerciales con nosotros, independientemente de su naturaleza, se regir\u00e1n por el derecho austriaco.<\/li>\n<li>El lugar de cumplimiento para todas las obligaciones y derechos derivados de las transacciones comerciales con nosotros ser\u00e1 Salzburgo, Austria, para ambas partes.<\/li>\n<li>La jurisdicci\u00f3n para cualquier litigio relativo a todas las reclamaciones presentes y futuras derivadas de la relaci\u00f3n comercial es Salzburgo. Sin perjuicio de ello, tenemos derecho a recurrir a cualquier otro tribunal competente para el arrendatario, en cuyo caso se aplicar\u00e1 la legislaci\u00f3n vigente en dicho lugar.<\/li>\n<li>Si alguna de las disposiciones de estas condiciones de alquiler fuera o llegara a ser total o parcialmente ineficaz, las dem\u00e1s disposiciones seguir\u00e1n siendo plenamente vigentes. Las disposiciones ineficaces ser\u00e1n sustituidas por otras que se acerquen lo m\u00e1s posible a su finalidad de forma admisible.<\/li>\n<li>Cualquier acuerdo o modificaci\u00f3n de las condiciones generales de alquiler deber\u00e1 hacerse por escrito para ser v\u00e1lido. Los acuerdos verbales no son v\u00e1lidos.<\/li>\n<li>Estamos autorizados a ceder nuestros derechos derivados del presente contrato, individualmente o en su totalidad, a terceros, incluso sin el consentimiento del arrendatario.<\/li>\n<li>Traducido con deepl, versi\u00f3n alemana y derecho austriaco v\u00e1lidos.<\/li>\n<\/ol>\n<\/li>\n<\/ol>\n<p>Fecha: 01\/05\/2025<\/p>\n<hr \/>\n<p><em><a href=\"https:\/\/www.spundbohle.at\/wp-content\/uploads\/2022\/10\/avbs-es.pdf\" target=\"_blank\" rel=\"noopener\"><strong>Condiciones generales de alquiler<\/strong><br \/>\nPuesto: 01.05.2025<\/a><\/em><\/p>\n","protected":false},"excerpt":{"rendered":"<p>\u00c1mbito de aplicaci\u00f3n Las presentes condiciones generales de alquiler (en lo sucesivo, \u00abCGA\u00bb) se aplicar\u00e1n a todos los contratos de alquiler celebrados con nosotros. Las condiciones comerciales del arrendatario que sean contrarias o difieran de las CGA solo ser\u00e1n v\u00e1lidas si las reconocemos expresamente. Las condiciones generales del arrendatario tampoco ser\u00e1n vinculantes aunque no se [&hellip;]<\/p>\n","protected":false},"author":1,"featured_media":0,"parent":0,"menu_order":0,"comment_status":"closed","ping_status":"closed","template":"","meta":{"_acf_changed":false,"footnotes":""},"class_list":["post-2790","page","type-page","status-publish","hentry"],"acf":[],"_links":{"self":[{"href":"https:\/\/www.spundbohle.at\/es\/wp-json\/wp\/v2\/pages\/2790","targetHints":{"allow":["GET"]}}],"collection":[{"href":"https:\/\/www.spundbohle.at\/es\/wp-json\/wp\/v2\/pages"}],"about":[{"href":"https:\/\/www.spundbohle.at\/es\/wp-json\/wp\/v2\/types\/page"}],"author":[{"embeddable":true,"href":"https:\/\/www.spundbohle.at\/es\/wp-json\/wp\/v2\/users\/1"}],"replies":[{"embeddable":true,"href":"https:\/\/www.spundbohle.at\/es\/wp-json\/wp\/v2\/comments?post=2790"}],"version-history":[{"count":6,"href":"https:\/\/www.spundbohle.at\/es\/wp-json\/wp\/v2\/pages\/2790\/revisions"}],"predecessor-version":[{"id":8076,"href":"https:\/\/www.spundbohle.at\/es\/wp-json\/wp\/v2\/pages\/2790\/revisions\/8076"}],"wp:attachment":[{"href":"https:\/\/www.spundbohle.at\/es\/wp-json\/wp\/v2\/media?parent=2790"}],"curies":[{"name":"wp","href":"https:\/\/api.w.org\/{rel}","templated":true}]}}