{"id":2794,"date":"2022-01-17T13:06:15","date_gmt":"2022-01-17T12:06:15","guid":{"rendered":"https:\/\/www.spundbohle.at\/agbs\/"},"modified":"2025-05-13T11:04:46","modified_gmt":"2025-05-13T09:04:46","slug":"gtc","status":"publish","type":"page","link":"https:\/\/www.spundbohle.at\/es\/gtc\/","title":{"rendered":"GTC"},"content":{"rendered":"<ol>\n<li><strong>\u00c1mbito de aplicaci\u00f3n<\/strong>\n<ol>\n<li>Al realizar el pedido, el comprador acepta nuestras condiciones generales de venta, entrega y pago. Estas se aplican a todas las entregas y prestaciones, incluidas otras prestaciones accesorias, incluso si no se indican por separado en cada caso.<\/li>\n<li>Las condiciones de venta, entrega, comerciales y de compra del comprador, independientemente de su naturaleza, no son vinculantes para nosotros. Por la presente se rechazan expresamente las condiciones del comprador, sean del tipo que sean.<\/li>\n<li>Las desviaciones, adiciones, garant\u00edas especiales y otros acuerdos individuales requieren, sin excepci\u00f3n, la forma escrita para ser v\u00e1lidos.<\/li>\n<li>Con la aceptaci\u00f3n sin reservas de la entrega o del servicio, el comprador reconoce en cualquier caso la validez de estas condiciones.<\/li>\n<li>Nuestras condiciones generales de venta y entrega se acuerdan para toda la relaci\u00f3n comercial, en particular tambi\u00e9n para pedidos posteriores. Esto se aplica incluso si no se hace referencia expresa a ellas en pedidos futuros o si el comprador realiza el pedido en condiciones diferentes sin que nosotros nos opongamos expresamente.<\/li>\n<\/ol>\n<\/li>\n<li><strong>Ofertas y celebraci\u00f3n del contrato<\/strong>\n<ol>\n<li>Nuestras ofertas son sin compromiso y no nos obligan a realizar la entrega.<\/li>\n<li>Los pedidos solo ser\u00e1n vinculantes para nosotros cuando los hayamos aceptado mediante una confirmaci\u00f3n por escrito. Las modificaciones posteriores solo ser\u00e1n vinculantes tras nuestra confirmaci\u00f3n por escrito.<\/li>\n<li>Nos reservamos el derecho a rescindir el contrato en caso de que, tras la confirmaci\u00f3n del pedido y antes de la entrega de la mercanc\u00eda, tengamos conocimiento de circunstancias en la situaci\u00f3n econ\u00f3mica del comprador que hagan que nuestra reclamaci\u00f3n ya no parezca suficientemente garantizada.<\/li>\n<\/ol>\n<\/li>\n<li><strong>Precios<\/strong>\n<ol>\n<li>Salvo que se acuerde lo contrario, nuestras ofertas y confirmaciones de pedido se basan en precios EXW, de acuerdo con los Incoterms. Los precios no incluyen, entre otros, los gastos de transporte, carga y descarga en el lugar de destino.<\/li>\n<li>El impuesto sobre el valor a\u00f1adido se calcular\u00e1 en la factura seg\u00fan el tipo legal vigente y se indicar\u00e1 por separado. En las operaciones de exportaci\u00f3n, el cliente deber\u00e1 hacerse cargo de los impuestos y tasas que se apliquen en el pa\u00eds de destino, en particular los aranceles aduaneros y los impuestos o tasas legales que se apliquen en el propio pa\u00eds de destino.<\/li>\n<\/ol>\n<\/li>\n<li><strong>Entrega<\/strong>\n<ol>\n<li>Los plazos de entrega son siempre aproximados y no vinculantes, salvo que nos hayamos comprometido expresamente por escrito a realizar la entrega en un plazo determinado o en una fecha concreta.<\/li>\n<li>Solo se podr\u00e1n reclamar indemnizaciones por da\u00f1os y perjuicios en caso de dolo o negligencia grave por nuestra parte.<\/li>\n<li>El riesgo del transporte correr\u00e1 siempre a cargo del destinatario, del comprador o del cliente, y nuestra responsabilidad finalizar\u00e1 con la entrega al transportista, incluso si los precios se han establecido franco destino.<\/li>\n<li>Si, no obstante, realizamos la entrega en base a pedidos verbales o telef\u00f3nicos, el comprador no podr\u00e1 invocarlos, ya que todos los contratos, acuerdos, etc. solo ser\u00e1n vinculantes para nosotros una vez que los hayamos confirmado por escrito.<\/li>\n<li>En caso de entrega por encargo telef\u00f3nico, no nos haremos responsables de las consecuencias de posibles errores de audici\u00f3n o malentendidos que puedan dar lugar a entregas err\u00f3neas. Si el comprador se demora en la aceptaci\u00f3n de la entrega y no rescindimos el contrato, la mercanc\u00eda quedar\u00e1 a nuestra disposici\u00f3n, con lo que vencer\u00e1 el precio de compra acordado.<\/li>\n<\/ol>\n<\/li>\n<li><strong>Condiciones de pago<\/strong>\n<ol>\n<li>El pago deber\u00e1 efectuarse sin descuento alguno, de tal manera que podamos disponer del importe en la fecha de vencimiento.<\/li>\n<li>En caso de demora en el pago, el comprador estar\u00e1 obligado a pagar intereses de demora por un importe del 8 % sobre el tipo de inter\u00e9s b\u00e1sico del Banco Central Europeo. Esto no afectar\u00e1 a la reclamaci\u00f3n de da\u00f1os y perjuicios por demora que superen dicho importe.<\/li>\n<li>En caso de incumplimiento de nuestras condiciones de pago, as\u00ed como en circunstancias que pongan en duda la solvencia del comprador, todas nuestras reclamaciones ser\u00e1n inmediatamente exigibles, independientemente de cualquier aplazamiento concedido. En este caso, podremos rescindir el contrato o exigir una indemnizaci\u00f3n por incumplimiento.<\/li>\n<li>Quedan excluidos los derechos legales de denegaci\u00f3n de prestaci\u00f3n y retenci\u00f3n en relaci\u00f3n con las obligaciones contractuales del comprador.<\/li>\n<li>Queda excluida la compensaci\u00f3n con posibles contrademandas contra nuestras reclamaciones, salvo que se trate de contrademandas reconocidas por escrito o legalmente establecidas.<\/li>\n<li>El comprador acepta que todos los pagos que realice se destinen primero a los intereses y otros gastos adicionales y solo al final a las mercanc\u00edas sujetas a reserva de propiedad.<\/li>\n<\/ol>\n<\/li>\n<li><strong>Cancelaci\u00f3n del pedido por parte del comprador<\/strong>\n<ol>\n<li>Si el comprador cancela la totalidad del pedido o parte de los servicios, deber\u00e1 remunerar los servicios prestados hasta ese momento de acuerdo con los precios unitarios acordados.<\/li>\n<li>El material adquirido se remunerar\u00e1 al precio unitario acordado.<\/li>\n<\/ol>\n<\/li>\n<li><strong>Reserva de propiedad<\/strong>\n<ol>\n<li>Los productos suministrados por nosotros seguir\u00e1n siendo de nuestra propiedad hasta el pago completo de todas las deudas pendientes, independientemente de su naturaleza, derivadas de la relaci\u00f3n comercial.<\/li>\n<li>En caso de que el comprador procese los productos con otros productos que no sean de nuestra propiedad, tendremos derecho a la copropiedad del nuevo producto, en proporci\u00f3n al valor de los productos sujetos a reserva de propiedad con respecto a los dem\u00e1s productos procesados en el momento del procesamiento. Por lo dem\u00e1s, al nuevo producto resultante del procesamiento se le aplicar\u00e1 lo mismo que a los productos sujetos a reserva de propiedad en el sentido de las presentes condiciones.<\/li>\n<li>El comprador solo podr\u00e1 vender la mercanc\u00eda sujeta a reserva de propiedad en el curso normal de sus actividades comerciales, en sus condiciones comerciales habituales y siempre que no se encuentre en mora. Solo estar\u00e1 autorizado y facultado para revender la mercanc\u00eda sujeta a reserva de propiedad si las reclamaciones derivadas de la reventa nos son transferidas.<\/li>\n<li>Si un tercero tuviera acceso a la mercanc\u00eda entregada bajo reserva de propiedad, el comprador deber\u00e1 informarnos inmediatamente por escrito. Est\u00e1 obligado a devolvernos la mercanc\u00eda sujeta a reserva de propiedad a nuestra sede social a m\u00e1s tardar en un plazo de 3 d\u00edas h\u00e1biles a partir de la solicitud, corriendo con los gastos. Se compromete a permitirnos, si fuera necesario, el acceso a su almac\u00e9n para recoger la mercanc\u00eda.<\/li>\n<li>En la medida en que, en el marco de la realizaci\u00f3n de la reserva de propiedad, nos sea devuelta la mercanc\u00eda reservada, se mantendr\u00e1 nuestra reclamaci\u00f3n del precio de compra pendiente en un 70 % del valor de la factura en concepto de indemnizaci\u00f3n por lucro cesante, gastos de disposici\u00f3n perdidos, depreciaci\u00f3n, etc.<\/li>\n<\/ol>\n<\/li>\n<li><strong>Asesoramiento<\/strong>\n<ol>\n<li>Solo asumiremos responsabilidad de cualquier tipo por las instrucciones de procesamiento y asesoramiento (o similares) si dichas instrucciones han sido solicitadas por escrito por el comprador y hemos proporcionado dichas instrucciones de forma vinculante, por escrito y en relaci\u00f3n con un proyecto de construcci\u00f3n espec\u00edfico conocido por nosotros.<\/li>\n<li>En cualquier caso, el comprador estar\u00e1 obligado a comprobar nuestras indicaciones teniendo en cuenta las descripciones y propiedades de nuestros productos y el uso concreto al que est\u00e1n destinados y, en caso de duda, a consultar a un especialista.<\/li>\n<\/ol>\n<\/li>\n<li><strong>Devoluci\u00f3n<\/strong>\n<ol>\n<li>La devoluci\u00f3n de mercanc\u00eda ya entregada y que no presente defectos (mercanc\u00eda devuelta) se realizar\u00e1 en casos excepcionales, previo acuerdo y exclusivamente en perfecto estado.<\/li>\n<li>Los gastos de devoluci\u00f3n correr\u00e1n a cargo del comprador. Se facturar\u00e1n al comprador los gastos de manipulaci\u00f3n, que ascender\u00e1n al 15 % del precio bruto en el momento de la entrega.<\/li>\n<li>Cualquier da\u00f1o causado a la mercanc\u00eda por el comprador o el transportista excluir\u00e1 sistem\u00e1ticamente la devoluci\u00f3n.<\/li>\n<\/ol>\n<\/li>\n<li><strong>Reclamaciones, garant\u00eda, indemnizaci\u00f3n por da\u00f1os y perjuicios<\/strong>\n<ol>\n<li>El comprador est\u00e1 obligado a examinar la mercanc\u00eda inmediatamente despu\u00e9s de su recepci\u00f3n para detectar posibles defectos, incluso visuales.<\/li>\n<li>La reclamaci\u00f3n de cantidades faltantes requiere la presentaci\u00f3n de un certificado del transportista.<\/li>\n<li>Se proh\u00edbe la reventa, el procesamiento y la transformaci\u00f3n de la mercanc\u00eda defectuosa.<\/li>\n<li>Las reclamaciones de cualquier tipo deben presentarse por escrito inmediatamente despu\u00e9s de la recepci\u00f3n de la mercanc\u00eda, en caso de defectos evidentes, en cualquier caso antes de su procesamiento, y en caso de defectos ocultos, inmediatamente despu\u00e9s de su descubrimiento.<\/li>\n<li>Quedan excluidos de la garant\u00eda los da\u00f1os causados por influencias meteorol\u00f3gicas o por un almacenamiento inadecuado.<\/li>\n<li>Solo estamos obligados a indemnizar por da\u00f1os y perjuicios de cualquier tipo, independientemente de la base jur\u00eddica en que se basen, en caso de culpa grave (dolo y negligencia grave) o por la falta de las caracter\u00edsticas garantizadas en el contrato.<\/li>\n<li>Queda excluida la responsabilidad por da\u00f1os consecuenciales.<\/li>\n<\/ol>\n<\/li>\n<li><strong>Derecho aplicable, lugar de cumplimiento, jurisdicci\u00f3n y nulidad parcial<\/strong>\n<ol>\n<li>Para todas las relaciones comerciales de cualquier tipo con nosotros se aplicar\u00e1 el derecho austriaco, con exclusi\u00f3n de la Convenci\u00f3n de las Naciones Unidas sobre los Contratos de Compraventa Internacional de Mercader\u00edas.<\/li>\n<li>Para todos los derechos y obligaciones derivados de las transacciones con nosotros, el lugar de cumplimiento para ambas partes ser\u00e1 Salzburgo, Austria.<\/li>\n<li>La jurisdicci\u00f3n para cualquier litigio relativo a todas las reclamaciones presentes y futuras derivadas de la relaci\u00f3n comercial es Salzburgo.<\/li>\n<li>Sin perjuicio de ello, tenemos derecho a recurrir a cualquier otro tribunal competente para el comprador\/cliente\/solicitante.<\/li>\n<li>Si alguna de las disposiciones de estas condiciones comerciales fuera o llegara a ser total o parcialmente ineficaz, las dem\u00e1s condiciones seguir\u00e1n siendo plenamente vigentes. Las disposiciones ineficaces ser\u00e1n sustituidas por otras que se acerquen lo m\u00e1s posible a su finalidad de forma admisible.<\/li>\n<li>Traducido con deepl, versi\u00f3n alemana y derecho austriaco v\u00e1lidos.<\/li>\n<\/ol>\n<\/ol>\n<p>Estado: 01\/05\/2025<\/p>\n<hr \/>\n<p><em><a href=\"https:\/\/www.spundbohle.at\/wp-content\/uploads\/2022\/10\/agbs-es.pdf\" target=\"_blank\" rel=\"noopener\"><strong>Condiciones generales<\/strong><br \/>\n<\/a><\/em><\/li>\n","protected":false},"excerpt":{"rendered":"<p>\u00c1mbito de aplicaci\u00f3n Al realizar el pedido, el comprador acepta nuestras condiciones generales de venta, entrega y pago. Estas se aplican a todas las entregas y prestaciones, incluidas otras prestaciones accesorias, incluso si no se indican por separado en cada caso. Las condiciones de venta, entrega, comerciales y de compra del comprador, independientemente de su [&hellip;]<\/p>\n","protected":false},"author":1,"featured_media":0,"parent":0,"menu_order":0,"comment_status":"closed","ping_status":"closed","template":"","meta":{"_acf_changed":false,"footnotes":""},"class_list":["post-2794","page","type-page","status-publish","hentry"],"acf":[],"_links":{"self":[{"href":"https:\/\/www.spundbohle.at\/es\/wp-json\/wp\/v2\/pages\/2794","targetHints":{"allow":["GET"]}}],"collection":[{"href":"https:\/\/www.spundbohle.at\/es\/wp-json\/wp\/v2\/pages"}],"about":[{"href":"https:\/\/www.spundbohle.at\/es\/wp-json\/wp\/v2\/types\/page"}],"author":[{"embeddable":true,"href":"https:\/\/www.spundbohle.at\/es\/wp-json\/wp\/v2\/users\/1"}],"replies":[{"embeddable":true,"href":"https:\/\/www.spundbohle.at\/es\/wp-json\/wp\/v2\/comments?post=2794"}],"version-history":[{"count":5,"href":"https:\/\/www.spundbohle.at\/es\/wp-json\/wp\/v2\/pages\/2794\/revisions"}],"predecessor-version":[{"id":7963,"href":"https:\/\/www.spundbohle.at\/es\/wp-json\/wp\/v2\/pages\/2794\/revisions\/7963"}],"wp:attachment":[{"href":"https:\/\/www.spundbohle.at\/es\/wp-json\/wp\/v2\/media?parent=2794"}],"curies":[{"name":"wp","href":"https:\/\/api.w.org\/{rel}","templated":true}]}}