{"id":2556,"date":"2021-01-26T15:19:03","date_gmt":"2021-01-26T14:19:03","guid":{"rendered":"https:\/\/www.spundbohle.at\/impressum\/"},"modified":"2022-10-19T15:43:31","modified_gmt":"2022-10-19T13:43:31","slug":"empreinte","status":"publish","type":"page","link":"https:\/\/www.spundbohle.at\/fr\/empreinte\/","title":{"rendered":"Empreinte"},"content":{"rendered":"<p>Hirnb\u00f6ck Stabau GmbH<\/p>\n<p>Aubergstra\u00dfe 27<br \/>\n5161 Elixhausen \/ \u00d6sterreich<\/p>\n<p>T.: +43 662 450613<br \/>\nF.: +43 662 450613 514<br \/>\nE.: <a href=\"mailto:office@spundbohle.at\">office@spundbohle.at<\/a><br \/>\nH.: www.spundbohle.at<\/p>\n<h3>Informations l\u00e9gales<\/h3>\n<p><strong>Manager: <\/strong>Fritz Hirnb\u00f6ck<br \/>\n<strong>Num\u00e9ro UID: <\/strong>ATU57809688<br \/>\n<strong>Num\u00e9ro d\u00b4inscription au registre des soci\u00e9t\u00e9s: <\/strong>FN246349d<br \/>\n<strong>Court de registre: <\/strong>LG Salzburg<br \/>\n<strong>Chambre:<\/strong> Wirtschaftskammer Salzburg, Sparte Handel<br \/>\n<strong>Legislation: <\/strong>Gewerbeordnung: <a href=\"http:\/\/www.ris.bka.gv.at\">www.ris.bka.gv.at<\/a><br \/>\nBezirkshauptmannschaft Salzburg<br \/>\n<strong>Raison sociale: <\/strong>Handel mit Stahlprofilen<br \/>\n<strong>Editeur et propri\u00e9taire de m\u00e9dias:<\/strong><br \/>\nHirnb\u00f6ck Stabau GmbH<br \/>\nFritz Hirnb\u00f6ck<br \/>\nAubergstra\u00dfe 27<br \/>\n5161 Elixhausen<\/p>\n<p>&nbsp;<\/p>\n<h3>Mentions l\u00e9gales<\/h3>\n<p>Hirnb\u00f6ck Stabau GmbH contr\u00f4le et met \u00e0 jour en permanence les informations sur vos sites Internet. Malgr\u00e9 tout le soin apport\u00e9, les donn\u00e9es peuvent avoir chang\u00e9 entretemps. Par cons\u00e9quent, nous ne pouvons pas garantir que les informations mises \u00e0 disposition sont \u00e0 jour, exactes et exhaustives, ni \u00eatre tenus pour responsables si cela n&rsquo;\u00e9tait pas le cas. Cela vaut \u00e9galement pour tous les autres sites Internet qui sont r\u00e9f\u00e9renc\u00e9s \u00e0 l&rsquo;aide de liens hypertextes. Les connexions pour acc\u00e9der \u00e0 ces sites Internet sont donc r\u00e9alis\u00e9es \u00e0 vos propres risques.<\/p>\n<p>Hirnb\u00f6ck Stabau GmbH ne saurait \u00eatre tenu responsable du contenu des sites Internet auxquels ce type de connexion permet d&rsquo;acc\u00e9der. En outre, Doktorschl\u00f6ssl Salzburg se r\u00e9serve le droit de modifier ou de compl\u00e9ter \u00e0 tout moment les informations mises \u00e0 disposition. Le contenu et la structure du pr\u00e9sent site Internet sont prot\u00e9g\u00e9s par le code de la propri\u00e9t\u00e9 intellectuelle. La reproduction des informations, en particulier l&rsquo;utilisation int\u00e9grale ou partielle de textes ou celle d&rsquo;images est interdite sans autorisation pr\u00e9alable de l&rsquo;auteur. En cas de doute, WDW WerbeDesign Wanger e.U. est consid\u00e9r\u00e9 comme l&rsquo;auteur.<\/p>\n<p>Sur les pages suivantes, vous trouverez d&rsquo;autres mentions l\u00e9gales de Hirnb\u00f6ck Stabau GmbH<\/p>\n<ul>\n<li><a href=\"https:\/\/www.spundbohle.at\/fr\/cgl\/\">Conditions g\u00e9n\u00e9rales de location<\/a><\/li>\n<li><a href=\"https:\/\/www.spundbohle.at\/fr\/politique-de-confidentialite\/\">Politique de confidentialit\u00e9<\/a><\/li>\n<li><a href=\"https:\/\/www.spundbohle.at\/fr\/cgv\/\">Conditions g\u00e9n\u00e9rales<\/a><\/li>\n<\/ul>\n<h3>R\u00e8glement UE relatif au r\u00e8glement des litiges<\/h3>\n<p>Information obligatoire selon le R\u00e8glement (UE) n\u00b0 524\/2013 du Parlement europ\u00e9en et du Conseil : lien pour acc\u00e9der \u00e0 la page d&rsquo;accueil de l&rsquo;administration de la Commission europ\u00e9enne charg\u00e9e du r\u00e8glement en ligne des litiges de consommation: <a href=\"http:\/\/ec.europa.eu\/consumers\/odr\/\">http:\/\/ec.europa.eu\/consumers\/odr\/<\/a><\/p>\n<p>Nous nous tenons \u00e0 votre disposition pour vos premi\u00e8res questions relatives \u00e0 un \u00e9ventuel r\u00e8glement de litige sur\u00a0<a href=\"mailto:office@spundbohle.at\">office@spundbohle.at<\/a>.<\/p>\n<h3>Agence de publicit\u00e9:<\/h3>\n<p><a title=\"WDW WerbeDesign Wanger e.U. - WERBUNG DIE WIRKT\" href=\"https:\/\/www.wdw.at\/\" target=\"_blank\" rel=\"noopener\">Internetagentur &amp; Werbeagentur<\/a><br \/>\nWDW WerbeDesign Wanger e.U.<br \/>\n5071 Wals bei Salzburg \/ Austria<br \/>\nH.: <a title=\"WDW WerbeDesign Wanger e.U. - WERBUNG DIE WIRKT\" href=\"https:\/\/www.wdw.at\/\" target=\"_blank\" rel=\"noopener\">www.wdw.at<\/a><\/p>\n","protected":false},"excerpt":{"rendered":"<p>Hirnb\u00f6ck Stabau GmbH Aubergstra\u00dfe 27 5161 Elixhausen \/ \u00d6sterreich T.: +43 662 450613 F.: +43 662 450613 514 E.: office@spundbohle.at H.: www.spundbohle.at Informations l\u00e9gales Manager: Fritz Hirnb\u00f6ck Num\u00e9ro UID: ATU57809688 Num\u00e9ro d\u00b4inscription au registre des soci\u00e9t\u00e9s: FN246349d Court de registre: LG Salzburg Chambre: Wirtschaftskammer Salzburg, Sparte Handel Legislation: Gewerbeordnung: www.ris.bka.gv.at Bezirkshauptmannschaft Salzburg Raison sociale: Handel [&hellip;]<\/p>\n","protected":false},"author":1,"featured_media":0,"parent":0,"menu_order":1000,"comment_status":"closed","ping_status":"closed","template":"","meta":{"_acf_changed":false,"footnotes":""},"class_list":["post-2556","page","type-page","status-publish","hentry"],"acf":[],"_links":{"self":[{"href":"https:\/\/www.spundbohle.at\/fr\/wp-json\/wp\/v2\/pages\/2556","targetHints":{"allow":["GET"]}}],"collection":[{"href":"https:\/\/www.spundbohle.at\/fr\/wp-json\/wp\/v2\/pages"}],"about":[{"href":"https:\/\/www.spundbohle.at\/fr\/wp-json\/wp\/v2\/types\/page"}],"author":[{"embeddable":true,"href":"https:\/\/www.spundbohle.at\/fr\/wp-json\/wp\/v2\/users\/1"}],"replies":[{"embeddable":true,"href":"https:\/\/www.spundbohle.at\/fr\/wp-json\/wp\/v2\/comments?post=2556"}],"version-history":[{"count":1,"href":"https:\/\/www.spundbohle.at\/fr\/wp-json\/wp\/v2\/pages\/2556\/revisions"}],"predecessor-version":[{"id":4280,"href":"https:\/\/www.spundbohle.at\/fr\/wp-json\/wp\/v2\/pages\/2556\/revisions\/4280"}],"wp:attachment":[{"href":"https:\/\/www.spundbohle.at\/fr\/wp-json\/wp\/v2\/media?parent=2556"}],"curies":[{"name":"wp","href":"https:\/\/api.w.org\/{rel}","templated":true}]}}