{"id":2553,"date":"2021-01-26T15:19:03","date_gmt":"2021-01-26T14:19:03","guid":{"rendered":"https:\/\/www.spundbohle.at\/impressum\/"},"modified":"2022-10-19T15:44:00","modified_gmt":"2022-10-19T13:44:00","slug":"imprint","status":"publish","type":"page","link":"https:\/\/www.spundbohle.at\/it\/imprint\/","title":{"rendered":"Imprint"},"content":{"rendered":"<p>Hirnb\u00f6ck Stabau GmbH<\/p>\n<p>Aubergstra\u00dfe 27<br \/>\n5161 Elixhausen \/ \u00d6sterreich<\/p>\n<p>T.: +43 662 450613<br \/>\nF.: +43 662 450613 514<br \/>\nE.: <a href=\"mailto:office@spundbohle.at\">office@spundbohle.at<\/a><br \/>\nH.: www.spundbohle.at<\/p>\n<h3>Informazioni legali<\/h3>\n<p><strong>Gestore: <\/strong>Fritz Hirnb\u00f6ck<br \/>\n<strong>Numero UID: <\/strong>ATU57809688<br \/>\n<strong>Numero di registro dell\u2018impresa: <\/strong>FN246349d<br \/>\n<strong>Tribunale deposito registri: <\/strong>LG Salzburg<br \/>\n<strong>Camera:<\/strong> Wirtschaftskammer Salzburg, Sparte Handel<br \/>\n<strong>Legislation: <\/strong>Gewerbeordnung: <a href=\"http:\/\/www.ris.bka.gv.at\">www.ris.bka.gv.at<\/a><br \/>\nBezirkshauptmannschaft Salzburg<br \/>\n<strong>Oggetto sociale: <\/strong>Handel mit Stahlprofilen<br \/>\n<strong>Concepimento e trasposizione:<\/strong><br \/>\nHirnb\u00f6ck Stabau GmbH<br \/>\nFritz Hirnb\u00f6ck<br \/>\nAubergstra\u00dfe 27<br \/>\n5161 Elixhausen<\/p>\n<p>&nbsp;<\/p>\n<h3>Informazioni legali<\/h3>\n<p>Hirnb\u00f6ck Stabau GmbH controlla e aggiorna continuamente le informazioni sui suoi siti web. Nonostante la massima cura e scrupolosit\u00e0, le informazioni potrebbero essere cambiate nel frattempo. Pertanto non possiamo assumerci alcuna responsabilit\u00e0 n\u00e9 offrire alcuna garanzia per l&#8217;attualit\u00e0, la correttezza e la completezza delle informazioni fornite. Ci\u00f2 vale anche per tutti gli altri siti web a cui si fa riferimento tramite collegamento ipertestuale. La connessione a tali siti web \u00e8 a rischio e pericolo dell&#8217;utente.<\/p>\n<p>Hirnb\u00f6ck Stabau GmbH non \u00e8 responsabile per il contenuto dei siti Web che possono essere raggiunti a seguito di tale connessione. Inoltre, Doktorschl\u00f6ssl Salzburg si riserva il diritto di apportare in qualsiasi momento modifiche o aggiunte alle informazioni fornite. Il contenuto e la struttura di questo sito web sono protetti da copyright. La duplicazione di informazioni, in particolare l&#8217;uso di testi, parti di testo o materiale illustrativo richiede il preventivo consenso dell&#8217;autore, che in caso di dubbio \u00e8 WDW WerbeDesign Wanger e.U.<\/p>\n<p>Nelle pagine seguenti sono disponibili ulteriori informazioni legali di Hirnb\u00f6ck Stabau GmbH:<\/p>\n<ul>\n<li><a href=\"https:\/\/www.spundbohle.at\/it\/cdv\/\">Condizioni Generali di vendita<\/a><\/li>\n<li><a href=\"https:\/\/www.spundbohle.at\/it\/cdn\/\">Condizioni Generali di noleggio<\/a><\/li>\n<li><a href=\"https:\/\/www.spundbohle.at\/it\/vita-privata\/\">Privacy Policy<\/a><\/li>\n<\/ul>\n<h3>Regolamento UE relativo alla risoluzione delle controversie<\/h3>\n<p>Informazioni obbligatorie ai sensi del regolamento (UE) n. 524\/2013 del Parlamento Europeo e del Consiglio: Link alla homepage dell&#8217;organo di risoluzione online delle controversie della Commissione Europea: <a class=\"cboxElement\" href=\"http:\/\/ec.europa.eu\/consumers\/odr\/\" target=\"_blank\" rel=\"external noopener\">http:\/\/ec.europa.eu\/consumers\/odr\/<\/a><\/p>\n<p>In caso di domande su una possibile risoluzione di controversie, siamo a vostra disposizione all\u2019indirizzo: <a href=\"mailto:office@spundbohle.at\">office@spundbohle.at<\/a>.<\/p>\n<h3>Agenzia pubblicitaria<\/h3>\n<p>Internetagentur &amp; Werbeagentur<br \/>\nWDW WerbeDesign Wanger e.U.<br \/>\n5071 Wals bei Salzburg \/ Austria<br \/>\nH.: <a title=\"WDW WerbeDesign Wanger e.U. - WERBUNG DIE WIRKT\" href=\"https:\/\/www.wdw.at\/\" target=\"_blank\" rel=\"noopener\">www.wdw.at<\/a><\/p>\n","protected":false},"excerpt":{"rendered":"<p>Hirnb\u00f6ck Stabau GmbH Aubergstra\u00dfe 27 5161 Elixhausen \/ \u00d6sterreich T.: +43 662 450613 F.: +43 662 450613 514 E.: office@spundbohle.at H.: www.spundbohle.at Informazioni legali Gestore: Fritz Hirnb\u00f6ck Numero UID: ATU57809688 Numero di registro dell\u2018impresa: FN246349d Tribunale deposito registri: LG Salzburg Camera: Wirtschaftskammer Salzburg, Sparte Handel Legislation: Gewerbeordnung: www.ris.bka.gv.at Bezirkshauptmannschaft Salzburg Oggetto sociale: Handel mit Stahlprofilen [&hellip;]<\/p>\n","protected":false},"author":1,"featured_media":0,"parent":0,"menu_order":1000,"comment_status":"closed","ping_status":"closed","template":"","meta":{"_acf_changed":false,"footnotes":""},"class_list":["post-2553","page","type-page","status-publish","hentry"],"acf":[],"_links":{"self":[{"href":"https:\/\/www.spundbohle.at\/it\/wp-json\/wp\/v2\/pages\/2553","targetHints":{"allow":["GET"]}}],"collection":[{"href":"https:\/\/www.spundbohle.at\/it\/wp-json\/wp\/v2\/pages"}],"about":[{"href":"https:\/\/www.spundbohle.at\/it\/wp-json\/wp\/v2\/types\/page"}],"author":[{"embeddable":true,"href":"https:\/\/www.spundbohle.at\/it\/wp-json\/wp\/v2\/users\/1"}],"replies":[{"embeddable":true,"href":"https:\/\/www.spundbohle.at\/it\/wp-json\/wp\/v2\/comments?post=2553"}],"version-history":[{"count":1,"href":"https:\/\/www.spundbohle.at\/it\/wp-json\/wp\/v2\/pages\/2553\/revisions"}],"predecessor-version":[{"id":4281,"href":"https:\/\/www.spundbohle.at\/it\/wp-json\/wp\/v2\/pages\/2553\/revisions\/4281"}],"wp:attachment":[{"href":"https:\/\/www.spundbohle.at\/it\/wp-json\/wp\/v2\/media?parent=2553"}],"curies":[{"name":"wp","href":"https:\/\/api.w.org\/{rel}","templated":true}]}}