{"id":2564,"date":"2021-01-26T15:09:57","date_gmt":"2021-01-26T14:09:57","guid":{"rendered":"https:\/\/www.spundbohle.at\/datenschutzerklaerung\/"},"modified":"2022-01-18T10:09:37","modified_gmt":"2022-01-18T09:09:37","slug":"vita-privata","status":"publish","type":"page","link":"https:\/\/www.spundbohle.at\/it\/vita-privata\/","title":{"rendered":"Vita privata"},"content":{"rendered":"<p>Version: 01.10.2019<\/p>\n<p>La protezione dei vostri dati personali \u00e8 molto importante per noi. Per questo, trattiamo i vostri dati esclusivamente sulla base delle disposizioni di legge (GDPR, TKG 2003 [Legge sulle telecomunicazioni]). In questa informativa sulla protezione dei dati, vi informiamo sugli aspetti pi\u00f9 importanti del trattamento dei dati all&#8217;interno del nostro sito web.<\/p>\n<h3>1. In caso di contatto con noi<\/h3>\n<p>Se prendete contatto con noi utilizzando il modulo sul sito web o tramite e-mail, i vostri dati saranno conservati per sei mesi in modo da poter evadere la richiesta e in caso di domande di follow-up. Non trasmetteremo a terzi i suddetti dati senza il vostro previo consenso.<\/p>\n<h3>2. Cookies<\/h3>\n<p><strong>2.1 Technische und funktionelle Cookies<\/strong><\/p>\n<p>Noi utilizziamo esclusivamente i seguenti cookie tecnici o funzionali per funzioni di base e per garantire il perfetto funzionamento del sito Web. Questi cookie vengono automaticamente eliminati alla chiusura del sito web e non vengono salvati sul computer!<\/p>\n<p><strong>Noi utilizziamo i seguenti cookie:<\/strong><\/p>\n<p>_GoogleMaps<br \/>\nMemorizza la vostra attivazione di Google Maps per l&#8217;intera homepage.<br \/>\nDurata di vita dei cookie: Sessione<\/p>\n<p>_YouTube<br \/>\nMemorizza la vostra attivazione di YouTube Videos per l&#8217;intera homepage.<br \/>\nDurata di vita dei cookie: Sessione<\/p>\n<p>modalShown<br \/>\nMemorizza la tua selezione nel CookieBar per l&#8217;intera homepage.<br \/>\nDurata di vita dei cookie: Sessione<\/p>\n<p><strong>2.2 Webanalyse<\/strong><\/p>\n<p><strong>Google Analytics con anonimizzazione IP\u00a0(Google Inc.)<\/strong><\/p>\n<p>Google Analytics \u00e8 un servizio di analisi web fornito da Google LLC o Google Ireland Limited, a seconda del luogo da cui si accede a questo sito web (&#8220;Google&#8221;). Google utilizza le informazioni raccolte per tracciare e indagare sull&#8217;utilizzo di questo sito web, per riferire sulle sue attivit\u00e0 e per condividere tali attivit\u00e0 con altri servizi Google.<\/p>\n<p>Google pu\u00f2 utilizzare le informazioni raccolte per contestualizzare e personalizzare gli annunci sulla propria rete pubblicitaria.<\/p>\n<p>L&#8217;anonimizzazione dell&#8217;IP \u00e8 stata attivata su questo sito web in modo che l&#8217;indirizzo IP degli utenti di Google all&#8217;interno degli Stati membri dell&#8217;Unione europea o in altri Stati contraenti dell&#8217;accordo sullo Spazio economico europeo venga abbreviato in anticipo. Solo in casi eccezionali l&#8217;indirizzo IP completo sar\u00e0 trasmesso a un server di Google negli Stati Uniti, dove sar\u00e0 abbreviato.<\/p>\n<p>Dati personali raccolti: Cookie; dati d&#8217;uso.<\/p>\n<p>Luogo di lavorazione: USA \u2013 <a href=\"https:\/\/www.google.com\/intl\/de\/policies\/privacy\/\" target=\"_blank\" rel=\"noopener\">Datenschutzerkl\u00e4rung<\/a> \u2013 <a href=\"https:\/\/tools.google.com\/dlpage\/gaoptout?hl=de\" target=\"_blank\" rel=\"noopener\">Opt Out<\/a>. Privacy Shield-Mitglied.<\/p>\n<h3>3. Hosting<\/h3>\n<p>Per gestire il nostro sito web, ricorriamo a un host web esterno.<\/p>\n<p><strong>Hosting provider<\/strong><br \/>\nRicorriamo al responsabile del trattamento di seguito indicato per trattare i dati personali di connessione per un massimo di 7 giorni per scopi connessi alla sicurezza e all\u2019affidabilit\u00e0 dei dati.<\/p>\n<p>La base giuridica per il trattamento \u00e8 il nostro legittimo interesse in conformit\u00e0 all\u2019art. 6 par. 1 lett. f) del GDPR (misure tecniche di sicurezza).<\/p>\n<p><strong>Servizio:<\/strong> Web- u. Mail Hosting<br \/>\n<strong>Fornitore:<\/strong> <a href=\"https:\/\/www.wdw.at\" target=\"_blank\" rel=\"noopener\">WDW WerbeDesign Wanger e.U.<\/a><br \/>\n<strong>Informativa sulla protezione dei dati: <\/strong><a href=\"https:\/\/www.wdw.at\/datenschutz\/\" target=\"_blank\" rel=\"noopener\">https:\/\/www.wdw.at\/datenschutz\/<\/a><\/p>\n<p><strong>Dati di accesso<\/strong><br \/>\nNel contesto dell\u2019hosting, al fine di monitorare la funzionalit\u00e0 tecnica e aumentare l&#8217;affidabilit\u00e0 dell&#8217;host web, sulla base giuridica del nostro legittimo interesse, conformemente all\u2019art. 6 par. 1 lett. f) del GDPR (misure tecniche di sicurezza) conserviamo i seguenti dati personali dell&#8217;utente in un file di registro del server per un massimo di 7 giorni:<\/p>\n<ul>\n<li>Sito web visitato<\/li>\n<li>Orario dell&#8217;accesso<\/li>\n<li>Quantit\u00e0 di dati inviati in byte<\/li>\n<li>Sorgente\/riferimento, da cui si \u00e8 arrivati alla nostra pagina<\/li>\n<li>Browser usato<\/li>\n<li>Sistema operativo utilizzato<\/li>\n<li>Indirizzo IP utilizzato<\/li>\n<\/ul>\n<p>I dati raccolti sono utilizzati solo a fini statistici e per migliorare il sito web. Tuttavia, il gestore del sito web si riserva il diritto di controllare i file di registro del server in modo retrospettivo, nel caso si presentassero indizi concreti di un uso illecito.<\/p>\n<h3>4. Servizio cartografico<\/h3>\n<p>Su questo sito web utilizziamo l&#8217;offerta di fornitori di servizi cartografici sotto forma di incorporamento di iFrame. Questo ci permette di visualizzare mappe interattive direttamente nel sito web e ci consente di utilizzare comodamente le funzionalit\u00e0 delle mappe.<\/p>\n<p><strong>Google Maps<br \/>\n<\/strong>In qualit\u00e0 di titolari congiunti del trattamento insieme a Google Ireland Limited, Gordon House, Barrow Street, Dublino 4, Irlanda, trattiamo i dati di connessione e i dati del browser allo scopo di visualizzare di una mappa interattiva per il tempo di visualizzazione necessario della mappa. In tale contesto, consentiamo a Google Maps di depositare i cookie sul PC dell\u2019utente e di calcolare un ID utente per identificare in modo univoco l\u2019utente nella rete pubblicitaria gestita da Google.<\/p>\n<p>La base giuridica per il trattamento \u00e8 costituita dal vostro consenso concesso in conformit\u00e0 all\u2019art. 96 par. 3 della legge tedesca sulle telecomunicazioni (Telekommunikationsgesetz \u2013 TKG) in connessione con Art. 6 par. 1 lett. a) del GDPR.<\/p>\n<p>Nella misura in cui da parte di Google Maps abbia luogo un ulteriore trattamento indipendente dei dati, in particolare nell\u2019ambito della rete pubblicitaria di Google, Google Maps \u00e8 l&#8217;unico responsabile. Per i dettagli, consultare la <a href=\"https:\/\/policies.google.com\/privacy?gl=AT&amp;hl=de#intro\" target=\"_blank\" rel=\"noopener\">Informativa sulla protezione dei dati di Google Maps<\/a>.<\/p>\n<h3>5. Servizi audio e video<\/h3>\n<p>Su questo sito web utilizziamo l\u2019offerta di servizi video e audio sotto forma di incorporamento di iFrame. Questo ci consente di visualizzare al visitatore contenuti multimediali direttamente sul sito Web.<\/p>\n<p><strong>Youtube<\/strong><br \/>\nPer l\u2019integrazione di video, il nostro sito utilizza YouTube LLC, 901 Cherry Avenue, San Bruno, CA 94066, USA, rappresentato da Google Inc., 1600 Amphitheatre Parkway, Mountain View, CA 94043, USA. Di solito, se si richiama una pagina con video incorporati, il vostro indirizzo IP sar\u00e0 inviato a YouTube e i cookie saranno installati sul vostro computer. Tuttavia, abbiamo incorporato i nostri video di YouTube con la modalit\u00e0 di protezione dei dati estesa (nel questo caso, YouTube contatta ancora il servizio DoubleClick di Google, ma in base alle norme sulla privacy di Google non si valutano i dati personali). Di conseguenza, YouTube non memorizza pi\u00f9 alcuna informazione sui visitatori, a meno che essi non guardino il video. Se fate clic sul video, il vostro indirizzo IP sar\u00e0 inviato a YouTube e YouTube avr\u00e0 l\u2019informazione che avete guardato il video. Se avete effettuato l\u2019accesso a YouTube, queste informazioni saranno anche associate al vostro account utente (si pu\u00f2 impedirlo disconnettendosi da YouTube prima di richiamare il video).<\/p>\n<p>Facciamo presente che noi non abbiamo alcuna informazione sulla raccolta e sull\u2019utilizzo dei vostri dati da parte di YouTube, su cui non abbiamo alcuna influenza.<\/p>\n<p>La base giuridica per il trattamento \u00e8 costituita dal vostro consenso concesso in conformit\u00e0 all\u2019art. 96 par. 3 della legge tedesca sulle telecomunicazioni (Telekommunikationsgesetz \u2013 TKG) in connessione con Art. 6 par. 1 lett. a) del GDPR.<\/p>\n<p>Nella misura in cui da parte di Youtube \/ Google abbia luogo un ulteriore trattamento indipendente dei dati, in particolare nell\u2019ambito della rete pubblicitaria di Youtube \/ Google, Youtube \/ Google \u00e8 l&#8217;unico responsabile.<\/p>\n<p>Per ulteriori informazioni, consultare <a href=\"http:\/\/www.google.de\/intl\/de\/policies\/privacy\/\" target=\"_blank\" rel=\"noopener\">l&#8217;informativa sulla privacy di YouTube all&#8217;indirizzo<\/a>.<\/p>\n<h3>6. La pagina Facebook<\/h3>\n<p>Quando visitate la nostra pagina Facebook, i dati personali (documentazione del comportamento di utilizzo) saranno trattati mediante cookie di Facebook. Queste informazioni costituiscono la base per creare dati statistici anonimizzati sull&#8217;attivit\u00e0 della pagina che ci saranno messi a disposizione automaticamente (Insights). Siamo responsabili di questo trattamento dei dati insieme a Facebook in conformit\u00e0 con l\u2019art. 26 del regolamento generale sulla protezione dei dati. In ci\u00f2, ci basiamo sui nostri legittimi interessi. Senza il trattamento di questi dati non saremmo in grado di presentare e ottimizzare la nostra offerta su Facebook. Per ulteriori informazioni, consultare la <a href=\"https:\/\/www.facebook.com\/legal\/terms\/information_about_page_insights_data\" target=\"_blank\" rel=\"noopener\" data-gentics-gcn-url=\"https:\/\/www.facebook.com\/legal\/terms\/information_about_page_insights_data\">Pagina di informazioni di Facebook<\/a>.<\/p>\n<p>Non ci saranno forniti dati personali. Allo stesso tempo, i dati sono archiviati e trattati anche da Facebook stesso, in modo che la connessione con il rispettivo profilo utente di Facebook sia possibile per Facebook. Facebook pu\u00f2 utilizzare questi dati per i propri scopi pubblicitari, in conformit\u00e0 con la <a href=\"https:\/\/www.facebook.com\/about\/privacy\/\" target=\"_blank\" rel=\"noopener\" data-gentics-gcn-url=\"https:\/\/www.facebook.com\/about\/privacy\/\">Politica sull&#8217;uso dei dati di Facebook<\/a>. Il consenso a questo rientra nella sfera di Facebook e non \u00e8 influenzato da parte nostra. Per ulteriori informazioni sulla raccolta e sull&#8217;utilizzo dei dati da parte di Facebook, nonch\u00e9 sui vostri diritti al riguardo e sui modi per proteggere la vostra sfera privata, consultare la <a href=\"https:\/\/www.facebook.com\/about\/privacy\/\" target=\"_blank\" rel=\"noopener\" data-gentics-gcn-url=\"https:\/\/www.facebook.com\/about\/privacy\/\">Politica sulla privacy di Facebook<\/a>.<\/p>\n<h3>7. I vostri diritti<\/h3>\n<p>I riferimento ai vostri dati memorizzati presso di noi, voi avete fondamentalmente i seguenti diritti:<\/p>\n<ul>\n<li>Informazione (diritto di accesso ai dati)<\/li>\n<li>Diritto di rettifica<\/li>\n<li>Diritto alla cancellazione<\/li>\n<li>Diritto di limitazione del trattamento<\/li>\n<li>Diritto alla portabilit\u00e0 dei dati<\/li>\n<li>Diritto di recesso e di opposizione<\/li>\n<\/ul>\n<p>Per domande e richieste in proposito, prendete contatto con noi\u00a0(<em><a href=\"mailto:office@spundbohle.at\">office@spundbohle.at<\/a><\/em>).<\/p>\n<p>Se ritenete che il trattamento dei vostri dati violi le leggi sulla protezione dei dati o violi altrimenti i vostri diritti in materia di protezione dei dati, potete presentare reclamo presso l\u2019autorit\u00e0 di vigilanza competente. In Austria, questa \u00e8 l&#8217;autorit\u00e0 per la protezione dei dati personali (<a href=\"mailto:dsb@dsb.gv.at\">dsb@dsb.gv.at<\/a>).<\/p>\n<h3>8. Siamo raggiungibili per voi tramite i seguenti dati di contatto:<\/h3>\n<p><em>Hirnb\u00f6ck Stabau GmbH\u00a0|\u00a0Aubergstra\u00dfe 15 |\u00a05161 Elixhausen \/ Austria<br \/>\nT.:\u00a0+43 662 450613 | E.: <a href=\"mailto:office@spundbohle.at\">office@spundbohle.at<\/a><br \/>\n<\/em><\/p>\n","protected":false},"excerpt":{"rendered":"<p>Version: 01.10.2019 La protezione dei vostri dati personali \u00e8 molto importante per noi. Per questo, trattiamo i vostri dati esclusivamente sulla base delle disposizioni di legge (GDPR, TKG 2003 [Legge sulle telecomunicazioni]). In questa informativa sulla protezione dei dati, vi informiamo sugli aspetti pi\u00f9 importanti del trattamento dei dati all&#8217;interno del nostro sito web. 1. [&hellip;]<\/p>\n","protected":false},"author":1,"featured_media":0,"parent":0,"menu_order":1010,"comment_status":"closed","ping_status":"open","template":"","meta":{"_acf_changed":false,"footnotes":""},"class_list":["post-2564","page","type-page","status-publish","hentry"],"acf":[],"_links":{"self":[{"href":"https:\/\/www.spundbohle.at\/it\/wp-json\/wp\/v2\/pages\/2564","targetHints":{"allow":["GET"]}}],"collection":[{"href":"https:\/\/www.spundbohle.at\/it\/wp-json\/wp\/v2\/pages"}],"about":[{"href":"https:\/\/www.spundbohle.at\/it\/wp-json\/wp\/v2\/types\/page"}],"author":[{"embeddable":true,"href":"https:\/\/www.spundbohle.at\/it\/wp-json\/wp\/v2\/users\/1"}],"replies":[{"embeddable":true,"href":"https:\/\/www.spundbohle.at\/it\/wp-json\/wp\/v2\/comments?post=2564"}],"version-history":[{"count":0,"href":"https:\/\/www.spundbohle.at\/it\/wp-json\/wp\/v2\/pages\/2564\/revisions"}],"wp:attachment":[{"href":"https:\/\/www.spundbohle.at\/it\/wp-json\/wp\/v2\/media?parent=2564"}],"curies":[{"name":"wp","href":"https:\/\/api.w.org\/{rel}","templated":true}]}}