{"id":2789,"date":"2022-01-17T13:12:03","date_gmt":"2022-01-17T12:12:03","guid":{"rendered":"https:\/\/www.spundbohle.at\/avbs\/"},"modified":"2025-05-19T14:37:16","modified_gmt":"2025-05-19T12:37:16","slug":"cdn","status":"publish","type":"page","link":"https:\/\/www.spundbohle.at\/it\/cdn\/","title":{"rendered":"CdN"},"content":{"rendered":"<ol>\n<li><b><strong>Ambito di applicazione<\/strong><\/b>\n<ol>\n<li>Le presenti condizioni generali di noleggio (di seguito denominate CGN) si applicano a tutti i contratti di noleggio stipulati con noi.<\/li>\n<li>Condizioni commerciali del noleggiatore contrarie o divergenti dalle CGN sono valide solo se espressamente riconosciute da noi.<\/li>\n<li>Le condizioni generali di contratto del locatario non sono vincolanti anche se la loro validit\u00e0 non viene espressamente contestata. \u00c8 esclusa la tacita accettazione delle condizioni generali di contratto del locatario mediante comportamento conclusivo.<\/li>\n<\/ol>\n<\/li>\n<li><b><strong>Prezzi e condizioni di pagamento<\/strong><\/b>\n<ol>\n<li>Salvo diversamente concordato, i prezzi di noleggio si intendono franco magazzino.<\/li>\n<li>Il canone di locazione viene calcolato a posteriori, alla fine di ogni mese. I mesi parziali che superano il periodo minimo di locazione vengono fatturati proporzionalmente al numero di giorni.<\/li>\n<li>Tutte le fatture emesse per il canone di locazione \/ i costi di lavorazione \/ i tagli o le perdite \/ le spese di trasporto \/ l&#8217;acquisto dell&#8217;oggetto locato sono pagabili entro 14 giorni dalla data della fattura, senza alcuna detrazione.<\/li>\n<li>Se viene concordato un noleggio per un periodo determinato, il canone di noleggio per tale periodo viene fatturato dopo la consegna dell&#8217;oggetto noleggiato. I canoni di noleggio successivi vengono fatturati mensilmente in via posticipata.<\/li>\n<li>Per il risarcimento del valore di ritagli, danni totali o in caso di acquisto dal noleggio, vengono fatturati i profili e le lunghezze effettivamente consegnati.<\/li>\n<li>In caso di acquisto dell&#8217;oggetto noleggiato da parte del locatario, la propriet\u00e0 dell&#8217;oggetto noleggiato passa al locatario solo dopo il saldo di tutti i crediti derivanti dal contratto di noleggio e il pagamento completo del prezzo di acquisto (riserva di propriet\u00e0).<\/li>\n<li>In caso di ritardo nel pagamento, il locatario \u00e8 tenuto a pagare interessi di mora pari all&#8217;8% sopra il tasso di interesse di base della Banca Centrale Europea. Rimane impregiudicata la rivendicazione di ulteriori danni causati dal ritardo. In caso di mancato rispetto delle nostre condizioni di pagamento e in circostanze che mettono in discussione la solvibilit\u00e0 del locatario, tutti i nostri crediti diventano immediatamente esigibili, indipendentemente da eventuali proroghe concesse.<\/li>\n<li>In caso di ritardo nel pagamento e di insolvenza, siamo autorizzati ad addebitare i costi concordati per la mancata restituzione dell&#8217;oggetto noleggiato.<\/li>\n<\/ol>\n<\/li>\n<li><b><strong>Consegna dell&#8217;oggetto noleggiato<\/strong><\/b>\n<ol>\n<li>Salvo diversamente concordato, il locatario \u00e8 tenuto a ritirare l&#8217;oggetto noleggiato a proprie spese dal nostro magazzino.<\/li>\n<li>Tutti i trasporti devono essere concordati direttamente con il nostro magazzino con sufficiente anticipo, in ogni caso almeno 3 giorni lavorativi prima del ritiro.<\/li>\n<li>Non ci assumiamo alcuna responsabilit\u00e0 per i tempi di attesa e di carico.<\/li>\n<li>La consegna dell&#8217;oggetto noleggiato avviene solo dopo il ricevimento del contratto di noleggio riconosciuto e firmato dal locatario.<\/li>\n<li>Se non \u00e8 espressamente concordata la consegna di profili in acciaio nuovi, possono essere consegnati anche pezzi usati.<\/li>\n<\/ol>\n<\/li>\n<li><b><strong>Durata del noleggio<\/strong><\/b>\n<ol>\n<li>La durata del noleggio inizia sempre il giorno della messa a disposizione dell&#8217;oggetto noleggiato presso il nostro magazzino per il ritiro.<\/li>\n<li>In caso di consegna da parte nostra, il noleggio inizia con l&#8217;arrivo dell&#8217;oggetto noleggiato nel luogo di utilizzo.<\/li>\n<li>Salvo diversamente concordato, la durata minima del noleggio \u00e8 di 3 mesi.<\/li>\n<li>Un mese di noleggio viene calcolato in base a 30 giorni.<\/li>\n<li>Il periodo di noleggio termina il giorno in cui l&#8217;oggetto noleggiato viene riconsegnato dal locatario al nostro magazzino nelle condizioni contrattuali.<\/li>\n<li>Se il contratto di noleggio \u00e8 stato stipulato per un periodo di noleggio fisso, non pu\u00f2 essere disdetto prima della scadenza. Ci riserviamo il diritto di recedere dal contratto in via straordinaria ai sensi delle disposizioni di cui al punto 11. In caso di restituzione anticipata del materiale, non \u00e8 previsto alcun rimborso del canone di noleggio.<\/li>\n<\/ol>\n<\/li>\n<li><b><strong>Utilizzo dell&#8217;oggetto noleggiato<\/strong><\/b>\n<ol>\n<li>Il locatario \u00e8 tenuto ad assicurare adeguatamente l&#8217;oggetto noleggiato contro danni, smarrimento e distruzione per tutto il periodo compreso tra il ritiro e la restituzione. Su nostra richiesta, il locatario \u00e8 tenuto a dimostrarci di aver stipulato un&#8217;assicurazione adeguata.<\/li>\n<li>Non sono ammesse modifiche dell&#8217;oggetto noleggiato o la sua cessione a terzi, in qualsiasi forma, senza il nostro consenso scritto.<\/li>\n<li>L&#8217;utilizzo dell&#8217;oggetto noleggiato in un luogo diverso da quello concordato o dal progetto di costruzione \u00e8 vietato senza il nostro esplicito consenso scritto. In caso di violazione di tale obbligo, il locatario \u00e8 tenuto a pagare per ogni violazione una penale non soggetta a moderazione giudiziaria pari al doppio del canone minimo concordato.<\/li>\n<li>Il locatario \u00e8 tenuto a utilizzare l&#8217;oggetto noleggiato con la dovuta cura, a trattarlo con attenzione e a proteggerlo da un uso eccessivo e da danni di qualsiasi tipo.<\/li>\n<li>In caso di perdita di materiale o danni causati da un uso eccessivo degli oggetti noleggiati, il locatario \u00e8 tenuto a risarcire il prezzo di perdita concordato contrattualmente.<\/li>\n<li>Siamo autorizzati a ispezionare l&#8217;oggetto noleggiato in qualsiasi momento nel luogo di utilizzo e a verificarne il corretto stato.<\/li>\n<li>Il trasferimento del rischio da parte del locatario cessa solo dopo la corretta restituzione dell&#8217;oggetto noleggiato nel nostro magazzino.<\/li>\n<li>In caso di distruzione, smarrimento, danneggiamento o furto degli oggetti noleggiati, il locatario \u00e8 tenuto a risarcirci il danno subito, sostituendo il materiale perso al prezzo concordato o, qualora tale prezzo non sia stato concordato, al prezzo di acquisto corrente. L&#8217;obbligo del locatario di pagare il canone di noleggio concordato rimane invariato.<\/li>\n<li>Se il locatario noleggia da pi\u00f9 locatori oggetti di noleggio dello stesso tipo o simili, che vengono utilizzati in un cantiere, il locatario \u00e8 tenuto a contrassegnare in modo riconoscibile gli oggetti noleggiati da noi, senza che gli oggetti noleggiati subiscano danni. Se non adempie correttamente a tale obbligo, \u00e8 tenuto a risarcire i danni corrispondenti.<\/li>\n<\/ol>\n<\/li>\n<li><b><strong>Reclami, garanzia, risarcimento danni<\/strong><\/b>\n<ol>\n<li>Il locatario \u00e8 tenuto a controllare la merce immediatamente dopo il ricevimento per verificare la presenza di eventuali difetti, anche visivi.<\/li>\n<li>La rivendicazione di quantit\u00e0 mancanti richiede la presentazione di una conferma da parte del trasportatore.<\/li>\n<li>\u00c8 vietato lavorare o trasformare la merce difettosa.<\/li>\n<li>Reclami di qualsiasi tipo devono essere presentati per iscritto immediatamente dopo il ricevimento della merce, in caso di difetti evidenti in ogni caso prima della loro lavorazione, in caso di difetti nascosti immediatamente dopo la loro scoperta.<\/li>\n<li>I danni causati da agenti atmosferici o da uno stoccaggio improprio sono esclusi dalla garanzia.<\/li>\n<li>Siamo tenuti al risarcimento dei danni di qualsiasi tipo, indipendentemente dal motivo giuridico, solo in caso di colpa grave (dolo e negligenza grave) o per mancanza delle caratteristiche garantite nel contratto.<\/li>\n<li>\u00c8 esclusa la responsabilit\u00e0 per danni consequenziali.<\/li>\n<\/ol>\n<\/li>\n<li><b><strong>Interventi sulla propriet\u00e0<\/strong><\/b>\n<ol>\n<li>Il locatario \u00e8 tenuto a informarci immediatamente di qualsiasi provvedimento amministrativo, giudiziario o di altro tipo da parte di terzi (pignoramenti, sequestri, ecc.) riguardante gli oggetti noleggiati di nostra propriet\u00e0 e a informare i terzi della nostra propriet\u00e0.<\/li>\n<li>Il locatario sostiene tutti i costi delle misure e degli interventi giudiziari ed extragiudiziali necessari per difendersi o eliminare l&#8217;intervento.<\/li>\n<\/ol>\n<\/li>\n<li><b><strong>Restituzione dell&#8217;oggetto noleggiato<\/strong><\/b>\n<ol>\n<li>Il locatario \u00e8 tenuto a restituire l&#8217;oggetto noleggiato al termine del periodo di utilizzo nel luogo indicato nel contratto di noleggio, immediatamente e a proprie spese, al nostro magazzino.<\/li>\n<li>Non \u00e8 consentito restituire profili equivalenti o diversi al posto dell&#8217;oggetto noleggiato.<\/li>\n<li>I trasporti devono essere concordati con il nostro magazzino con sufficiente anticipo, in ogni caso almeno 3 giorni lavorativi prima della restituzione.<\/li>\n<li>L&#8217;oggetto noleggiato deve essere restituito dal locatario nelle stesse condizioni in cui \u00e8 stato ricevuto, pulito e in perfetto stato di funzionamento. I fermi delle tavole devono essere privi di sporco. Le estremit\u00e0 dei profili danneggiate devono essere rifilate ad angolo retto. I fori di ancoraggio e altri fori (dimensioni max. 200 mm \u00d7 200 mm) devono essere saldati a regola d&#8217;arte e in modo ermetico, ad eccezione di un foro di trazione di 40\/300 mm per ogni singola tavola. Tutti i profili devono essere privi di residui e profili angolari. La tolleranza massima di rettilineit\u00e0 \u00e8 pari al +\/- 2% della lunghezza del profilo. La tolleranza della larghezza del profilo \u00e8 limitata al +\/- 2% per le tavole doppie e al +\/- 3% della larghezza di costruzione per le tavole doppie.<\/li>\n<li>Il locatario \u00e8 tenuto a eseguire a proprie spese tutte le riparazioni e le manutenzioni necessarie derivanti dall&#8217;uso dell&#8217;oggetto noleggiato.<\/li>\n<li>Ci riserviamo il diritto di rifiutare la restituzione di oggetti noleggiati non puliti o non perfettamente funzionanti fino al ripristino dello stato regolare da parte del locatario.<\/li>\n<li>Fino a quando l&#8217;oggetto noleggiato non \u00e8 stato restituito in modo regolare, \u00e8 dovuto un canone di utilizzo pari al canone di locazione concordato.<\/li>\n<li>Se non \u00e8 possibile restituire l&#8217;oggetto noleggiato in conformit\u00e0 al contratto o se si verifica un danno totale, l&#8217;oggetto noleggiato deve essere pagato.<\/li>\n<\/ol>\n<\/li>\n<li><b><strong>Preparazione e riparazioni<\/strong><\/b>\n<ol>\n<li>Al momento della restituzione dell&#8217;oggetto noleggiato non ci \u00e8 possibile effettuare un&#8217;ispezione immediata e approfondita dello stesso. Ci riserviamo il diritto di constatare e registrare eventuali difetti e danni entro un termine di 6 settimane dal ricevimento della merce. Il verbale viene portato a conoscenza del locatario. In caso di constatazione di difetti, questi vengono eliminati da noi e i relativi costi vengono addebitati al locatario secondo le condizioni indicate nel contratto di locazione.<\/li>\n<li>Se la riparazione dell&#8217;oggetto noleggiato non \u00e8 possibile o economicamente giustificabile, il locatario \u00e8 tenuto a risarcirci la perdita di materiale pari al prezzo di perdita stabilito nel contratto o, se questo non \u00e8 stato concordato, al prezzo di acquisto giornaliero.<\/li>\n<\/ol>\n<\/li>\n<li><b><strong>Lunghezze minime di ritiro &#8211; dopo la preparazione<\/strong><\/b>\n<ol>\n<li>L&#8217;oggetto noleggiato pu\u00f2 essere accorciato al massimo del 10% della lunghezza di consegna.<\/li>\n<li>Le lunghezze dei profili sono indicate in incrementi di 0,50 m. La tolleranza di lunghezza consentita \u00e8 di +\/- 0,25 m.<\/li>\n<li>Gli oggetti noleggiati che non soddisfano le lunghezze minime di ritiro prima o dopo la ricondizionamento saranno fatturati come danni totali. Questi saranno tenuti a disposizione del cliente nel nostro magazzino per il ritiro entro 1 mese dalla fatturazione. Se tali danni totali non vengono ritirati dal locatario entro tale termine, saranno smaltiti senza alcun risarcimento per il locatario.<\/li>\n<\/ol>\n<\/li>\n<li><b><strong>Risoluzione senza preavviso del contratto di noleggio<\/strong><\/b>\n<ol>\n<li>Siamo autorizzati a risolvere anticipatamente il contratto di noleggio se il locatario \u00e8 in ritardo con il pagamento di una parte o dell&#8217;intero importo dovuto, fa un uso improprio dell&#8217;oggetto noleggiato o viola qualsiasi altra disposizione del contratto.<\/li>\n<li>Effettuiamo il noleggio al locatario solo se il contratto di noleggio e, in particolare, il prezzo di perdita possono essere coperti dalla nostra assicurazione sul credito commerciale. Qualora, dopo la stipula del contratto, risultasse che la copertura tramite la nostra assicurazione sul credito commerciale non \u00e8 possibile o non \u00e8 completa o che la copertura assicurativa viene a mancare in tutto o in parte, siamo autorizzati a risolvere anticipatamente il contratto di noleggio.<\/li>\n<li>In questi casi abbiamo il diritto di mettere in sicurezza e trasportare via l&#8217;oggetto noleggiato. I relativi costi, inclusi i costi di recupero, trasporto e carico, sono interamente a carico del locatario.<\/li>\n<li>Possiamo recedere dal contratto senza preavviso anche se la situazione finanziaria del locatario peggiora a tal punto che il pagamento dei canoni di locazione e delle spese non \u00e8 pi\u00f9 garantito o se \u00e8 stata avviata o \u00e8 in corso una procedura di concordato o di fallimento sul patrimonio del locatario, nonch\u00e9 se non \u00e8 stata avviata una procedura di insolvenza per mancanza di beni sufficienti a coprire i costi.<\/li>\n<li>Restano impregiudicati i diritti di recesso senza preavviso per giusta causa che ci spettano ai sensi di legge.<\/li>\n<li>Se il contratto viene risolto senza preavviso da parte nostra per uno dei motivi sopra indicati, possiamo compensare il nostro danno con una penale non soggetta al diritto di moderazione giudiziaria pari al doppio del canone minimo concordato, senza fornire alcuna prova specifica. Ci riserviamo espressamente il diritto di far valere ulteriori richieste di risarcimento danni.<\/li>\n<\/ol>\n<\/li>\n<li><b><strong>Diritto applicabile, luogo di adempimento, foro competente e invalidit\u00e0 parziale<\/strong><\/b>\n<ol>\n<li>Per tutti i rapporti commerciali di qualsiasi natura con noi si applica il diritto austriaco.<\/li>\n<li>Per tutti i diritti e gli obblighi derivanti dai rapporti commerciali con noi, il luogo di adempimento per entrambe le parti \u00e8 Salisburgo, in Austria.<\/li>\n<li>Il foro competente per tutte le controversie relative a rivendicazioni presenti e future derivanti dal rapporto commerciale \u00e8 Salisburgo. Fatto salvo quanto sopra, siamo autorizzati a adire anche un altro tribunale competente per il locatario, nel qual caso si applica il diritto vigente in tale foro.<\/li>\n<li>Qualora singole disposizioni delle presenti condizioni di noleggio fossero o diventassero totalmente o parzialmente inefficaci, le restanti condizioni rimangono pienamente efficaci. Le disposizioni eventualmente inefficaci saranno sostituite da quelle che si avvicinano maggiormente allo scopo in modo ammissibile.<\/li>\n<li>Accordi divergenti o integrazioni alle condizioni generali di noleggio richiedono la forma scritta per essere validi. Gli accordi accessori verbali non sono validi.<\/li>\n<li>Siamo autorizzati a trasferire i nostri diritti derivanti dal presente contratto, in tutto o in parte, a terzi anche senza il consenso del locatario.<\/li>\n<li>Tradotto con deepl, versione tedesca e diritto austriaco validi.<\/li>\n<\/ol>\n<\/li>\n<\/ol>\n<p>Stato: 01.05.2025<\/p>\n<hr \/>\n<p><em><a href=\"https:\/\/www.spundbohle.at\/wp-content\/uploads\/2022\/10\/avbs-it.pdf\" target=\"_blank\" rel=\"noopener\"><strong>Condizioni generali di noleggio<\/strong><br \/>\nStato: 01.05.2025<\/a><\/em><\/p>\n","protected":false},"excerpt":{"rendered":"<p>Ambito di applicazione Le presenti condizioni generali di noleggio (di seguito denominate CGN) si applicano a tutti i contratti di noleggio stipulati con noi. Condizioni commerciali del noleggiatore contrarie o divergenti dalle CGN sono valide solo se espressamente riconosciute da noi. Le condizioni generali di contratto del locatario non sono vincolanti anche se la loro [&hellip;]<\/p>\n","protected":false},"author":1,"featured_media":0,"parent":0,"menu_order":0,"comment_status":"closed","ping_status":"closed","template":"","meta":{"_acf_changed":false,"footnotes":""},"class_list":["post-2789","page","type-page","status-publish","hentry"],"acf":[],"_links":{"self":[{"href":"https:\/\/www.spundbohle.at\/it\/wp-json\/wp\/v2\/pages\/2789","targetHints":{"allow":["GET"]}}],"collection":[{"href":"https:\/\/www.spundbohle.at\/it\/wp-json\/wp\/v2\/pages"}],"about":[{"href":"https:\/\/www.spundbohle.at\/it\/wp-json\/wp\/v2\/types\/page"}],"author":[{"embeddable":true,"href":"https:\/\/www.spundbohle.at\/it\/wp-json\/wp\/v2\/users\/1"}],"replies":[{"embeddable":true,"href":"https:\/\/www.spundbohle.at\/it\/wp-json\/wp\/v2\/comments?post=2789"}],"version-history":[{"count":7,"href":"https:\/\/www.spundbohle.at\/it\/wp-json\/wp\/v2\/pages\/2789\/revisions"}],"predecessor-version":[{"id":8074,"href":"https:\/\/www.spundbohle.at\/it\/wp-json\/wp\/v2\/pages\/2789\/revisions\/8074"}],"wp:attachment":[{"href":"https:\/\/www.spundbohle.at\/it\/wp-json\/wp\/v2\/media?parent=2789"}],"curies":[{"name":"wp","href":"https:\/\/api.w.org\/{rel}","templated":true}]}}