{"id":2793,"date":"2022-01-17T13:06:15","date_gmt":"2022-01-17T12:06:15","guid":{"rendered":"https:\/\/www.spundbohle.at\/agbs\/"},"modified":"2025-05-13T11:02:36","modified_gmt":"2025-05-13T09:02:36","slug":"cdv","status":"publish","type":"page","link":"https:\/\/www.spundbohle.at\/it\/cdv\/","title":{"rendered":"CdV"},"content":{"rendered":"<ol>\n<li><strong>Ambito di applicazione<\/strong>\n<ol>\n<li>Con l&#8217;invio dell&#8217;ordine, l&#8217;acquirente accetta le nostre condizioni generali di vendita, consegna e pagamento. Queste valgono per tutte le consegne e prestazioni, comprese le prestazioni accessorie, anche se non vengono specificatamente menzionate nei singoli casi.<\/li>\n<li>Le condizioni di vendita, consegna, commerciali e di acquisto dell&#8217;acquirente, di qualsiasi natura esse siano, non sono per noi vincolanti. Si respingono espressamente eventuali condizioni dell&#8217;acquirente di qualsiasi natura.<\/li>\n<li>Deroghe, integrazioni, garanzie speciali e altri accordi individuali richiedono, per essere efficaci, la forma scritta senza eccezioni.<\/li>\n<li>Con l&#8217;accettazione senza riserve della consegna o della prestazione, l&#8217;acquirente riconosce in ogni caso la validit\u00e0 delle presenti condizioni.<\/li>\n<li>Le nostre condizioni generali di vendita e di consegna sono concordate per l&#8217;intero rapporto commerciale, in particolare anche per gli ordini successivi. Ci\u00f2 vale anche se non vi si fa espressamente riferimento in ordini futuri o se l&#8217;acquirente ordina a condizioni diverse senza che noi ci opponiamo espressamente.<\/li>\n<\/ol>\n<\/li>\n<li><strong>Offerte e conclusione del contratto<\/strong>\n<ol>\n<li>Le nostre offerte sono soggette a modifiche e non ci obbligano alla consegna.<\/li>\n<li>Gli ordini sono vincolanti per noi solo dopo che li abbiamo accettati con una conferma d&#8217;ordine scritta. Modifiche successive sono vincolanti solo dopo la nostra conferma scritta.<\/li>\n<li>Ci riserviamo il diritto di recedere dal contratto nel caso in cui, dopo la conferma dell&#8217;ordine e prima della consegna della merce, veniamo a conoscenza di circostanze relative alla situazione economica dell&#8217;acquirente che non garantiscono pi\u00f9 il pagamento del nostro credito.<\/li>\n<\/ol>\n<\/li>\n<li><strong>Prezzi<\/strong>\n<ol>\n<li>Salvo diversamente concordato, le nostre offerte e conferme d&#8217;ordine si intendono sulla base dei prezzi EXW, secondo gli Incoterms. I prezzi non includono, tra l&#8217;altro, le spese di trasporto, i costi di carico e scarico nel luogo di destinazione.<\/li>\n<li>L&#8217;imposta sul valore aggiunto viene calcolata nella fattura nella misura prevista dalla legge e indicata separatamente. In caso di esportazioni, il cliente \u00e8 tenuto a sostenere le tasse e le spese relative al trasferimento nel paese di destinazione, in particolare i dazi doganali e le tasse o spese legali aggiuntive applicabili nel paese di destinazione.<\/li>\n<\/ol>\n<\/li>\n<li><strong>Consegna<\/strong>\n<ol>\n<li>I tempi di consegna sono sempre indicativi e non vincolanti, salvo che non ci siamo espressamente impegnati per iscritto a consegnare entro un determinato termine o in una data precisa.<\/li>\n<li>Richieste di risarcimento danni a questo riguardo possono essere avanzate nei nostri confronti solo in caso di dolo o colpa grave.<\/li>\n<li>Il rischio di trasporto \u00e8 sempre a carico del destinatario o dell&#8217;acquirente e il nostro obbligo cessa con la consegna al vettore, anche se i prezzi sono indicati franco destino.<\/li>\n<li>Se tuttavia effettuiamo la consegna sulla base di ordini verbali o telefonici, l&#8217;acquirente non pu\u00f2 farvi riferimento, poich\u00e9 tutti i contratti, gli accordi ecc. diventano vincolanti solo con la nostra conferma scritta.<\/li>\n<li>In caso di consegna sulla base di ordini telefonici, le conseguenze di eventuali errori di ascolto o malintesi che causano errori di consegna non sono a nostro carico. Se l&#8217;acquirente \u00e8 in ritardo nell&#8217;accettazione della consegna e noi non recediamo dal contratto, la merce rimane a nostra disposizione, con conseguente scadenza del prezzo di acquisto concordato.<\/li>\n<\/ol>\n<\/li>\n<li><strong>Condizioni di pagamento<\/strong>\n<ol>\n<li>Il pagamento deve essere effettuato senza sconto in modo tale che noi possiamo disporre dell&#8217;importo alla data di scadenza.<\/li>\n<li>In caso di ritardo nel pagamento, l&#8217;acquirente \u00e8 tenuto a pagare interessi di mora pari all&#8217;8% sopra il tasso di interesse di base della Banca Centrale Europea. Rimane impregiudicato il diritto di far valere un danno maggiore causato dal ritardo.<\/li>\n<li>In caso di mancato rispetto delle nostre condizioni di pagamento e in circostanze che mettono in discussione la solvibilit\u00e0 dell&#8217;acquirente, tutti i nostri crediti diventano immediatamente esigibili, indipendentemente da eventuali proroghe concesse. In tal caso, possiamo recedere dal contratto o richiedere un risarcimento danni per inadempimento.<\/li>\n<li>Sono esclusi i diritti legali di rifiuto di prestazione e di ritenzione in relazione agli obblighi contrattuali dell&#8217;acquirente.<\/li>\n<li>\u00c8 esclusa la compensazione con eventuali contropretese nei confronti dei nostri crediti, salvo che si tratti di contropretese riconosciute per iscritto o legalmente accertate.<\/li>\n<li>L&#8217;acquirente accetta che tutti i pagamenti da lui effettuati siano prima imputati agli interessi e alle altre spese accessorie e solo successivamente alla merce soggetta a riserva di propriet\u00e0.<\/li>\n<\/ol>\n<\/li>\n<li><strong>Annullamento dell&#8217;ordine da parte dell&#8217;acquirente<\/strong>\n<ol>\n<li>Se l&#8217;acquirente recede dall&#8217;intero ordine o da prestazioni parziali, \u00e8 tenuto a pagare le prestazioni eseguite fino a quel momento secondo i prezzi unitari concordati.<\/li>\n<li>Per il materiale acquistato \u00e8 dovuto il prezzo unitario concordato.<\/li>\n<\/ol>\n<\/li>\n<li><strong>Riserva di propriet\u00e0<\/strong>\n<ol>\n<li>Le merci da noi fornite rimangono di nostra propriet\u00e0 fino al completo pagamento di tutti i crediti di qualsiasi natura derivanti dall&#8217;intero rapporto commerciale.<\/li>\n<li>In caso di lavorazione da parte dell&#8217;acquirente con altre merci non di nostra propriet\u00e0, abbiamo diritto alla compropriet\u00e0 del nuovo prodotto, in proporzione al valore della merce soggetta a riserva di propriet\u00e0 rispetto alle altre merci lavorate al momento della lavorazione. Per il nuovo prodotto risultante dalla lavorazione vale quanto previsto per la merce soggetta a riserva di propriet\u00e0 ai sensi delle presenti condizioni.<\/li>\n<li>L&#8217;acquirente pu\u00f2 vendere la merce soggetta a riserva di propriet\u00e0 solo nell&#8217;ambito della normale attivit\u00e0 commerciale alle sue normali condizioni commerciali e fintantoch\u00e9 non sia in mora. Egli \u00e8 autorizzato e legittimato a rivendere la merce soggetta a riserva di propriet\u00e0 solo a condizione che i crediti derivanti dalla rivendita siano trasferiti a noi.<\/li>\n<li>Qualora terzi dovessero pignorare la merce da noi consegnata con riserva di propriet\u00e0, l&#8217;acquirente \u00e8 tenuto a informarci immediatamente per iscritto. Egli \u00e8 tenuto a restituirci la merce soggetta a riserva di propriet\u00e0 alla nostra sede aziendale entro e al pi\u00f9 tardi entro 3 giorni lavorativi dalla richiesta, a proprie spese. Egli si impegna a consentirci, se necessario, l&#8217;accesso al proprio magazzino per il ritiro della merce.<\/li>\n<li>Nella misura in cui, nell&#8217;ambito della realizzazione della riserva di propriet\u00e0, la merce soggetta a riserva ci venga restituita, il nostro credito per il prezzo di acquisto rimane valido nella misura del 70% del valore fatturato a titolo di risarcimento danni per mancato guadagno, spese di disposizione, diminuzione di valore, ecc.<\/li>\n<\/ol>\n<\/li>\n<li><strong>Consulenza<\/strong>\n<ol>\n<li>Per le indicazioni relative alla lavorazione e alla consulenza (o simili) ci assumiamo qualsiasi tipo di responsabilit\u00e0 solo se tali indicazioni sono state fornite da noi in forma scritta, su richiesta scritta dell&#8217;acquirente, in modo vincolante e in riferimento a un progetto di costruzione specifico a noi noto.<\/li>\n<li>In ogni caso, l&#8217;acquirente \u00e8 tenuto a verificare le nostre indicazioni tenendo conto delle descrizioni dei prodotti e delle caratteristiche delle nostre merci e dell&#8217;uso specifico previsto e, in caso di dubbio, a consultare un esperto.<\/li>\n<\/ol>\n<\/li>\n<li><strong>Merce restituita<\/strong>\n<ol>\n<li>La restituzione di merce gi\u00e0 consegnata e non difettosa (merce restituita) avviene in casi eccezionali previo accordo ed esclusivamente in condizioni perfette.<\/li>\n<li>Le spese di restituzione sono a carico dell&#8217;acquirente. All&#8217;acquirente saranno addebitati i costi di manipolazione pari al 15% del prezzo lordo al momento della consegna.<\/li>\n<li>Qualsiasi danneggiamento della merce da parte dell&#8217;acquirente o del vettore esclude regolarmente la restituzione.<\/li>\n<\/ol>\n<\/li>\n<li><strong>Reclami, garanzia, risarcimento danni<\/strong>\n<ol>\n<li>L&#8217;acquirente \u00e8 tenuto a controllare la merce immediatamente dopo il ricevimento per verificare la presenza di eventuali difetti, anche estetici.<\/li>\n<li>La rivendicazione di quantit\u00e0 mancanti richiede la presentazione di un certificato del trasportatore.<\/li>\n<li>\u00c8 vietata la rivendita, la lavorazione e la trasformazione della merce difettosa.<\/li>\n<li>I reclami di qualsiasi tipo devono essere presentati per iscritto immediatamente dopo il ricevimento della merce, in caso di difetti evidenti in ogni caso prima della lavorazione, in caso di difetti nascosti immediatamente dopo la loro scoperta.<\/li>\n<li>I danni causati da agenti atmosferici o da uno stoccaggio improprio sono esclusi dalla garanzia.<\/li>\n<li>Siamo tenuti al risarcimento dei danni di qualsiasi tipo, indipendentemente dal motivo giuridico, solo in caso di colpa grave (dolo e negligenza grave) o per mancanza delle caratteristiche garantite nel contratto.<\/li>\n<li>\u00c8 esclusa la responsabilit\u00e0 per danni consequenziali.<\/li>\n<\/ol>\n<\/li>\n<li><strong>Diritto applicabile, luogo di adempimento, foro competente e invalidit\u00e0 parziale<\/strong>\n<ol>\n<li>Per tutti i rapporti commerciali di qualsiasi natura con noi si applica il diritto austriaco, con esclusione della Convenzione delle Nazioni Unite sui contratti di vendita internazionale di beni mobili.<\/li>\n<li>Per tutti i diritti e gli obblighi derivanti dai rapporti commerciali con noi, il luogo di adempimento per entrambe le parti \u00e8 Salisburgo, in Austria.<\/li>\n<li>Il foro competente per tutte le controversie relative a rivendicazioni presenti e future derivanti dal rapporto commerciale \u00e8 Salisburgo.<\/li>\n<li>Fatto salvo quanto sopra, siamo autorizzati a adire anche un altro tribunale competente per l&#8217;acquirente\/committente\/cliente.<\/li>\n<li>Qualora singole disposizioni delle presenti condizioni generali di contratto fossero o diventassero totalmente o parzialmente inefficaci, le restanti condizioni rimangono pienamente efficaci. Le disposizioni inefficaci saranno sostituite da quelle che si avvicinano maggiormente allo scopo perseguito in modo ammissibile.<\/li>\n<li>Tradotto con deepl, versione tedesca e diritto austriaco validi.<\/li>\n<\/ol>\n<p>&nbsp;<\/li>\n<\/ol>\n<p>Stato: 01.05.2025<\/p>\n<hr \/>\n<p><em><a href=\"https:\/\/www.spundbohle.at\/wp-content\/uploads\/2022\/10\/agbs-it.pdf\" target=\"_blank\" rel=\"noopener\"><strong>Termini e condizioni generali<\/strong><\/a><\/em><\/p>\n","protected":false},"excerpt":{"rendered":"<p>Ambito di applicazione Con l&#8217;invio dell&#8217;ordine, l&#8217;acquirente accetta le nostre condizioni generali di vendita, consegna e pagamento. Queste valgono per tutte le consegne e prestazioni, comprese le prestazioni accessorie, anche se non vengono specificatamente menzionate nei singoli casi. Le condizioni di vendita, consegna, commerciali e di acquisto dell&#8217;acquirente, di qualsiasi natura esse siano, non sono [&hellip;]<\/p>\n","protected":false},"author":1,"featured_media":0,"parent":0,"menu_order":0,"comment_status":"closed","ping_status":"closed","template":"","meta":{"_acf_changed":false,"footnotes":""},"class_list":["post-2793","page","type-page","status-publish","hentry"],"acf":[],"_links":{"self":[{"href":"https:\/\/www.spundbohle.at\/it\/wp-json\/wp\/v2\/pages\/2793","targetHints":{"allow":["GET"]}}],"collection":[{"href":"https:\/\/www.spundbohle.at\/it\/wp-json\/wp\/v2\/pages"}],"about":[{"href":"https:\/\/www.spundbohle.at\/it\/wp-json\/wp\/v2\/types\/page"}],"author":[{"embeddable":true,"href":"https:\/\/www.spundbohle.at\/it\/wp-json\/wp\/v2\/users\/1"}],"replies":[{"embeddable":true,"href":"https:\/\/www.spundbohle.at\/it\/wp-json\/wp\/v2\/comments?post=2793"}],"version-history":[{"count":6,"href":"https:\/\/www.spundbohle.at\/it\/wp-json\/wp\/v2\/pages\/2793\/revisions"}],"predecessor-version":[{"id":7961,"href":"https:\/\/www.spundbohle.at\/it\/wp-json\/wp\/v2\/pages\/2793\/revisions\/7961"}],"wp:attachment":[{"href":"https:\/\/www.spundbohle.at\/it\/wp-json\/wp\/v2\/media?parent=2793"}],"curies":[{"name":"wp","href":"https:\/\/api.w.org\/{rel}","templated":true}]}}