{"id":5174,"date":"2021-01-26T15:09:57","date_gmt":"2021-01-26T14:09:57","guid":{"rendered":"https:\/\/www.spundbohle.at\/datenschutzerklaerung\/"},"modified":"2024-01-18T09:48:57","modified_gmt":"2024-01-18T08:48:57","slug":"datenschutzerklaerung","status":"publish","type":"page","link":"https:\/\/www.spundbohle.at\/sq\/datenschutzerklaerung\/","title":{"rendered":"Mbrojtja e t\u00eb dh\u00ebnave"},"content":{"rendered":"<p>Q\u00eb nga: 1 tetor 2019<\/p>\n<p>Mbrojtja e t\u00eb dh\u00ebnave tuaja personale \u00ebsht\u00eb ve\u00e7an\u00ebrisht e r\u00ebnd\u00ebsishme p\u00ebr ne. Prandaj, ne i p\u00ebrpunojm\u00eb t\u00eb dh\u00ebnat tuaja ekskluzivisht n\u00eb baz\u00eb t\u00eb dispozitave ligjore (GDPR, TKG 2003). N\u00eb k\u00ebt\u00eb informacion p\u00ebr mbrojtjen e t\u00eb dh\u00ebnave, ne ju informojm\u00eb p\u00ebr aspektet m\u00eb t\u00eb r\u00ebnd\u00ebsishme t\u00eb p\u00ebrpunimit t\u00eb t\u00eb dh\u00ebnave n\u00eb faqen ton\u00eb t\u00eb internetit.<\/p>\n<h3>1. Na kontaktoni<\/h3>\n<p>N\u00ebse na kontaktoni duke p\u00ebrdorur formularin n\u00eb faqen e internetit ose me email, t\u00eb dh\u00ebnat q\u00eb jepni do t\u00eb ruhen nga ne p\u00ebr gjasht\u00eb muaj n\u00eb m\u00ebnyr\u00eb q\u00eb t\u00eb p\u00ebrpunohet k\u00ebrkesa juaj dhe n\u00eb rast t\u00eb pyetjeve vijuese.<\/p>\n<h3>2. Cookies<\/h3>\n<p><strong>2.1 Cookies teknike dhe funksionale<\/strong><\/p>\n<p>Ne p\u00ebrdorim vet\u00ebm cookies teknike dhe funksionale t\u00eb m\u00ebposhtme p\u00ebr funksionet baz\u00eb dhe p\u00ebr t\u00eb siguruar q\u00eb faqja e internetit funksionon si\u00e7 duhet. K\u00ebto cookie fshihen automatikisht kur faqja e internetit mbyllet dhe nuk ruhen n\u00eb kompjuter!<\/p>\n<p><strong>Ne p\u00ebrdorim Cookies-n\u00eb e m\u00ebposhtme p\u00ebr k\u00ebt\u00eb q\u00ebllim::<\/strong><\/p>\n<p>_GoogleMaps<br \/>\nRuan aktivizimin tuaj t\u00eb Google Maps p\u00ebr t\u00eb gjith\u00eb faqen kryesore.<br \/>\nCookie koh\u00ebzgjatja: Session<\/p>\n<p>_YouTube<br \/>\nRuan aktivizimin tuaj p\u00ebr videot n\u00eb YouTube p\u00ebr t\u00eb gjith\u00eb faqen kryesore.<br \/>\nCookie koh\u00ebzgjatja: Session<\/p>\n<p>modalShown<br \/>\nRuan zgjedhjen tuaj n\u00eb CookieBar p\u00ebr t\u00eb gjith\u00eb faqen kryesore.<br \/>\nCookie koh\u00ebzgjatja: Session<\/p>\n<p><strong>2.2 Analitika n\u00eb ueb<\/strong><\/p>\n<p><strong>Google Analytics me IP-Anonimizimi (Google Inc.)<\/strong><\/p>\n<p>Google Analytics \u00ebsht\u00eb nj\u00eb sh\u00ebrbim analize ueb i ofruar nga Google LLC ose Google Ireland Limited, n\u00eb var\u00ebsi t\u00eb vendndodhjes nga e cila aksesohet kjo faqe interneti (&#8220;Google&#8221;). Google p\u00ebrdor t\u00eb dh\u00ebnat e mbledhura p\u00ebr t\u00eb gjurmuar dhe ekzaminuar se si p\u00ebrdoret kjo faqe interneti, p\u00ebr t\u00eb p\u00ebrpiluar raporte mbi aktivitetet e saj dhe p\u00ebr t&#8217;i ndar\u00eb ato me sh\u00ebrbimet e tjera t\u00eb Google.<\/p>\n<p>Google mund t\u00eb p\u00ebrdor\u00eb t\u00eb dh\u00ebnat e mbledhura p\u00ebr t\u00eb kontekstualizuar dhe personalizuar reklamat e rrjetit t\u00eb vet t\u00eb reklamave.<\/p>\n<p>Anonimizimi i IP-s\u00eb \u00ebsht\u00eb aktivizuar n\u00eb k\u00ebt\u00eb faqe interneti n\u00eb m\u00ebnyr\u00eb q\u00eb adresa IP e p\u00ebrdoruesve t\u00eb shkurtohet m\u00eb par\u00eb nga Google brenda shteteve an\u00ebtare t\u00eb Bashkimit Evropian ose n\u00eb shtetet e tjera kontraktuese t\u00eb Marr\u00ebveshjes p\u00ebr Zon\u00ebn Ekonomike Evropiane. Vet\u00ebm n\u00eb raste t\u00eb jasht\u00ebzakonshme adresa e plot\u00eb IP do t\u00eb transmetohet n\u00eb nj\u00eb server t\u00eb Google n\u00eb SHBA dhe do t\u00eb shkurtohet atje.<\/p>\n<p>T\u00eb dh\u00ebnat personale t\u00eb mbledhura: Cookie; T\u00eb dh\u00ebnat e p\u00ebrdorimit.<\/p>\n<p>Vendndodhja e p\u00ebrpunimit: USA \u2013 <a href=\"https:\/\/www.google.com\/intl\/de\/policies\/privacy\/\" target=\"_blank\" rel=\"noopener\">Mbrojtja e t\u00eb dh\u00ebnave<\/a> \u2013 <a href=\"https:\/\/tools.google.com\/dlpage\/gaoptout?hl=de\" target=\"_blank\" rel=\"noopener\">Opt Out<\/a>. Privacy Shield-Mitglied.<\/p>\n<h3>3. Hosting<\/h3>\n<p>Ne p\u00ebrdorim nj\u00eb host t\u00eb jasht\u00ebm n\u00eb internet p\u00ebr t\u00eb operuar faqen ton\u00eb t\u00eb internetit.<\/p>\n<p><strong>Hosting-Ofruesi<\/strong><br \/>\nNe p\u00ebrpunojm\u00eb t\u00eb dh\u00ebnat e lidhjes personale me ndihm\u00ebn e p\u00ebrpunuesve t\u00eb m\u00ebposht\u00ebm me q\u00ebllim t\u00eb siguris\u00eb dhe besueshm\u00ebris\u00eb s\u00eb t\u00eb dh\u00ebnave p\u00ebr nj\u00eb maksimum prej 7 dit\u00ebsh.<\/p>\n<p>Baza ligjore p\u00ebr p\u00ebrpunimin \u00ebsht\u00eb interesi yn\u00eb legjitim n\u00eb p\u00ebrputhje me Nenin 6 Paragrafi 1 lif. f GDPR (masat teknike t\u00eb siguris\u00eb).<\/p>\n<p><strong>Sh\u00ebrbimi:<\/strong> Web- u. Mail Hosting<br \/>\n<strong>Operatori:<\/strong> <a href=\"https:\/\/www.wdw.at\" target=\"_blank\" rel=\"noopener\">WDW WerbeDesign Wanger e.U.<\/a><br \/>\n<strong>Mbrojtja e t\u00eb dh\u00ebnave: <\/strong><a href=\"https:\/\/www.wdw.at\/datenschutz\/\" target=\"_blank\" rel=\"noopener\">https:\/\/www.wdw.at\/datenschutz\/<\/a><\/p>\n<p><strong>Qasja n\u00eb t\u00eb dh\u00ebna<\/strong><br \/>\nSi pjes\u00eb e pritjes, ne p\u00ebrpunojm\u00eb t\u00eb dh\u00ebna me q\u00ebllim t\u00eb monitorimit t\u00eb funksionit teknik dhe p\u00ebr t\u00eb rritur sigurin\u00eb operacionale t\u00eb hostit t\u00eb uebit mbi baz\u00ebn ligjore t\u00eb interesit legjitim n\u00eb p\u00ebrputhje me Nenin 6 Paragrafi 1 lif. f GDPR (masat teknike t\u00eb siguris\u00eb) t\u00eb dh\u00ebnat e m\u00ebposhtme personale t\u00eb p\u00ebrdoruesit n\u00eb nj\u00eb skedar log serveri p\u00ebr nj\u00eb periudh\u00eb maksimale prej 7 dit\u00ebsh:<\/p>\n<ul>\n<li>Faqja e internetit e vizituar<\/li>\n<li>Koha n\u00eb momentin e hyrjes<\/li>\n<li>Sasia e t\u00eb dh\u00ebnave t\u00eb d\u00ebrguara n\u00eb bajt<\/li>\n<li>Burimi\/referenca nga e cila keni ardhur n\u00eb faqe<\/li>\n<li>Shfletuesi i p\u00ebrdorur<\/li>\n<li>Sistemi operativ i p\u00ebrdorur<\/li>\n<li>Adresa IP e p\u00ebrdorur<\/li>\n<\/ul>\n<p>T\u00eb dh\u00ebnat e mbledhura p\u00ebrdoren vet\u00ebm p\u00ebr vler\u00ebsime statistikore dhe p\u00ebr t\u00eb p\u00ebrmir\u00ebsuar faqen e internetit. Sidoqoft\u00eb, operatori i faqes s\u00eb internetit rezervon t\u00eb drejt\u00ebn t\u00eb kontrolloj\u00eb m\u00eb pas skedar\u00ebt e regjistrit t\u00eb serverit n\u00ebse ka indikacione konkrete p\u00ebr p\u00ebrdorim t\u00eb paligjsh\u00ebm.<\/p>\n<h3>4. Sh\u00ebrbimet e hartave<\/h3>\n<p>N\u00eb k\u00ebt\u00eb faqe interneti ne p\u00ebrdorim sh\u00ebrbimet e ofruara nga ofruesit e sh\u00ebrbimeve t\u00eb hartave n\u00eb form\u00ebn e nj\u00eb ngulitjeje iFrame. Kjo na lejon t\u00eb shfaqim harta nd\u00ebrvepruese drejtp\u00ebrdrejt n\u00eb faqen e internetit dhe mund\u00ebson p\u00ebrdorimin e p\u00ebrshtatsh\u00ebm t\u00eb funksioneve t\u00eb hart\u00ebs.<\/p>\n<p><strong>Google Maps<br \/>\n<\/strong>Si kontrollues t\u00eb p\u00ebrbashk\u00ebt me Google Ireland Limited, Gordon House, Barrow Street, Dublin 4, Ireland, ne p\u00ebrpunojm\u00eb t\u00eb dh\u00ebnat e lidhjes dhe t\u00eb dh\u00ebnat e shfletuesit me q\u00ebllim t\u00eb shfaqjes s\u00eb nj\u00eb harte nd\u00ebrvepruese p\u00ebr koh\u00ebzgjatjen e shfaqjes s\u00eb hart\u00ebs. Ne mund\u00ebsojm\u00eb Google Maps t\u00eb vendos\u00eb skedar\u00eb skedar\u00ebsh n\u00eb kompjuterin e p\u00ebrdoruesit dhe t\u00eb llogaris\u00eb nj\u00eb ID t\u00eb p\u00ebrdoruesit p\u00ebr t\u00eb identifikuar n\u00eb m\u00ebnyr\u00eb unike p\u00ebrdoruesin brenda rrjetit t\u00eb reklamave t\u00eb operuar nga Google.<\/p>\n<p>Baza ligjore p\u00ebr p\u00ebrpunimin \u00ebsht\u00eb ajo e dh\u00ebn\u00eb nga ju n\u00eb p\u00ebrputhje me Seksionin 96 Paragrafi 3 TKG etj. P\u00eblqimi i dh\u00ebn\u00eb n\u00eb p\u00ebrputhje me Nenin 6 Paragrafi 1 Shkron nj\u00eb GDPR.<\/p>\n<p>N\u00ebse Google Maps kryen p\u00ebrpunim t\u00eb m\u00ebtejsh\u00ebm t\u00eb pavarur t\u00eb t\u00eb dh\u00ebnave, ve\u00e7an\u00ebrisht brenda korniz\u00ebs s\u00eb rrjetit t\u00eb reklamave t\u00eb Google, Google Maps \u00ebsht\u00eb kontrolluesi i vet\u00ebm. Detajet mund t\u00eb gjenden n\u00eb politik\u00ebn e privat\u00ebsis\u00eb s\u00eb Google Maps.<\/p>\n<h3>5. Sh\u00ebrbime audio dhe video<\/h3>\n<p>N\u00eb k\u00ebt\u00eb faqe interneti ne p\u00ebrdorim sh\u00ebrbime video dhe audio n\u00eb form\u00ebn e nj\u00eb ngulitjeje iFrame. Kjo na lejon t&#8217;ju tregojm\u00eb p\u00ebrmbajtje multimediale drejtp\u00ebrdrejt n\u00eb faqen e internetit.<\/p>\n<p><strong>Youtube<\/strong><br \/>\nFaqja jon\u00eb p\u00ebrdor ofruesin YouTube LLC, 901 Cherry Avenue, San Bruno, CA 94066, USA, p\u00ebrfaq\u00ebsuar nga Google Inc., 1600 Amphitheatre Parkway, Mountain View, CA 94043, USA, p\u00ebr t\u00eb integruar videot. Normalisht, kur vizitoni nj\u00eb faqe me video t\u00eb integruara, adresa juaj IP d\u00ebrgohet n\u00eb YouTube dhe skedar\u00ebt e skedar\u00ebve instalohen n\u00eb kompjuterin tuaj. Megjithat\u00eb, ne kemi integruar videot tona n\u00eb YouTube me modalitetin e zgjeruar t\u00eb mbrojtjes s\u00eb t\u00eb dh\u00ebnave (n\u00eb k\u00ebt\u00eb rast, YouTube ende kontakton sh\u00ebrbimin Double Klick t\u00eb Google, por sipas deklarat\u00ebs s\u00eb mbrojtjes s\u00eb t\u00eb dh\u00ebnave t\u00eb Google, t\u00eb dh\u00ebnat personale nuk vler\u00ebsohen). Kjo do t\u00eb thot\u00eb q\u00eb YouTube nuk ruan m\u00eb informacione p\u00ebr vizitor\u00ebt n\u00ebse ata nuk e shikojn\u00eb videon. N\u00ebse klikoni n\u00eb video, adresa juaj IP do t\u00eb transmetohet n\u00eb YouTube dhe YouTube do t\u00eb zbuloj\u00eb se e keni par\u00eb videon. N\u00ebse jeni identifikuar n\u00eb YouTube, ky informacion do t&#8217;i caktohet gjithashtu llogaris\u00eb tuaj t\u00eb p\u00ebrdoruesit (mund ta parandaloni k\u00ebt\u00eb duke dal\u00eb nga YouTube p\u00ebrpara se t\u00eb shikoni videon).<\/p>\n<p>Ne nuk kemi njohuri dhe asnj\u00eb ndikim n\u00eb mbledhjen dhe p\u00ebrdorimin e mundsh\u00ebm t\u00eb t\u00eb dh\u00ebnave tuaja nga YouTube.<\/p>\n<p>Baza ligjore p\u00ebr p\u00ebrpunimin \u00ebsht\u00eb ajo e dh\u00ebn\u00eb nga ju n\u00eb p\u00ebrputhje me Seksionin 96 Paragrafi 3 TKG etj. P\u00eblqimi i dh\u00ebn\u00eb n\u00eb p\u00ebrputhje me Nenin 6 Paragrafi 1 Shkron nj\u00eb GDPR.<\/p>\n<p>N\u00ebse YouTube \/ Google kryen p\u00ebrpunim t\u00eb m\u00ebtejsh\u00ebm t\u00eb pavarur t\u00eb t\u00eb dh\u00ebnave, ve\u00e7an\u00ebrisht brenda korniz\u00ebs s\u00eb rrjetit t\u00eb reklamave YouTube \/ Google, YouTube \/ Google \u00ebsht\u00eb kontrolluesi i vet\u00ebm.<\/p>\n<p>P\u00ebr m\u00eb shum\u00eb informacion, shihni politik\u00ebn e privat\u00ebsis\u00eb s\u00eb YouTube n\u00eb <a href=\"http:\/\/www.google.de\/intl\/de\/policies\/privacy\/\" target=\"_blank\" rel=\"noopener\">www.google.de\/intl\/de\/policies\/privacy\/<\/a>.<\/p>\n<h3>6. Faqja e Facebook<\/h3>\n<p>Kur vizitoni faqen ton\u00eb n\u00eb Facebook, t\u00eb dh\u00ebnat personale (dokumentacioni i sjelljes s\u00eb p\u00ebrdorimit) p\u00ebrpunohen nga Facebook duke p\u00ebrdorur cookie. Ky informacion p\u00ebrdoret p\u00ebr t\u00eb krijuar t\u00eb dh\u00ebna statistikore anonime n\u00eb lidhje me aktivitetin e sajtit dhe p\u00ebr t&#8217;i ofruar ato automatikisht neve (Insights). N\u00eb p\u00ebrputhje me nenin 26 t\u00eb Rregullores s\u00eb P\u00ebrgjithshme t\u00eb Mbrojtjes s\u00eb t\u00eb Dh\u00ebnave, ne jemi bashk\u00ebrisht p\u00ebrgjegj\u00ebs me Facebook p\u00ebr k\u00ebt\u00eb p\u00ebrpunim t\u00eb t\u00eb dh\u00ebnave. Duke vepruar k\u00ebshtu, ne mb\u00ebshtetemi n\u00eb interesat tona legjitime. Pa p\u00ebrpunuar k\u00ebto t\u00eb dh\u00ebna, nuk do t\u00eb ishte e mundur q\u00eb ne t\u00eb ishim t\u00eb pranish\u00ebm dhe t\u00eb optimizonim ofert\u00ebn ton\u00eb n\u00eb Facebook. Informacione t\u00eb m\u00ebtejshme mund t\u00eb gjenden n\u00eb <a href=\"https:\/\/www.facebook.com\/legal\/terms\/information_about_page_insights_data\" target=\"_blank\" rel=\"noopener\" data-gentics-gcn-url=\"https:\/\/www.facebook.com\/legal\/terms\/information_about_page_insights_data\">Facebook-Informationsseite<\/a>.<\/p>\n<p>Asnj\u00eb e dh\u00ebn\u00eb personale nuk do t\u00eb na vihet n\u00eb dispozicion. N\u00eb t\u00eb nj\u00ebjt\u00ebn koh\u00eb, t\u00eb dh\u00ebnat ruhen dhe p\u00ebrpunohen edhe nga vet\u00eb Facebook, n\u00eb m\u00ebnyr\u00eb q\u00eb Facebook t\u00eb mund t\u00eb lidhet me profilin p\u00ebrkat\u00ebs t\u00eb p\u00ebrdoruesit t\u00eb Facebook. Facebook mund t&#8217;i p\u00ebrdor\u00eb k\u00ebto t\u00eb dh\u00ebna p\u00ebr q\u00ebllimet e veta reklamuese, n\u00eb p\u00ebrputhje me <a href=\"https:\/\/www.facebook.com\/about\/privacy\/\" target=\"_blank\" rel=\"noopener\" data-gentics-gcn-url=\"https:\/\/www.facebook.com\/about\/privacy\/\">Facebook-Datenverwendungsrichtlinie<\/a>. P\u00eblqimi p\u00ebr k\u00ebt\u00eb \u00ebsht\u00eb brenda fush\u00ebveprimit t\u00eb Facebook dhe nuk mund t\u00eb ndikohet nga ne. Informacione t\u00eb m\u00ebtejshme mbi mbledhjen dhe p\u00ebrdorimin e t\u00eb dh\u00ebnave nga Facebook, si dhe t\u00eb drejtat tuaja n\u00eb k\u00ebt\u00eb drejtim dhe opsionet p\u00ebr mbrojtjen e privat\u00ebsis\u00eb suaj mund t\u00eb gjenden n\u00eb <a href=\"https:\/\/www.facebook.com\/about\/privacy\/\" target=\"_blank\" rel=\"noopener\" data-gentics-gcn-url=\"https:\/\/www.facebook.com\/about\/privacy\/\">Datenschutzhinweisen von Facebook<\/a>.<\/p>\n<h3>7. T\u00eb drejtat tuaja<\/h3>\n<p>Ju n\u00eb p\u00ebrgjith\u00ebsi keni t\u00eb drejtat e m\u00ebposhtme n\u00eb lidhje me t\u00eb dh\u00ebnat tuaja t\u00eb ruajtura nga ne:<\/p>\n<ul>\n<li>Informacion<\/li>\n<li>Korrigjim<\/li>\n<li>fshirje<\/li>\n<li>Kufizimi<\/li>\n<li>Transportueshm\u00ebria e t\u00eb dh\u00ebnave<\/li>\n<li>Revokimi dhe kund\u00ebrshtimi<\/li>\n<\/ul>\n<p>P\u00ebr k\u00ebt\u00eb ju lutemi na kontaktoni (<em><a href=\"mailto:office@spundbohle.at\">office@spundbohle.at<\/a><\/em>).<\/p>\n<p>N\u00ebse besoni se p\u00ebrpunimi i t\u00eb dh\u00ebnave tuaja shkel ligjin p\u00ebr mbrojtjen e t\u00eb dh\u00ebnave ose n\u00ebse t\u00eb drejtat tuaja p\u00ebr mbrojtjen e t\u00eb dh\u00ebnave jan\u00eb shkelur n\u00eb ndonj\u00eb m\u00ebnyr\u00eb, mund t\u00eb ankoheni tek autoriteti mbik\u00ebqyr\u00ebs p\u00ebrgjegj\u00ebs. N\u00eb Austri ky \u00ebsht\u00eb autoriteti p\u00ebr mbrojtjen e t\u00eb dh\u00ebnave (<a href=\"mailto:dsb@dsb.gv.at\">dsb@dsb.gv.at<\/a>).<\/p>\n<h3>8. Mund t\u00eb na kontaktoni duke p\u00ebrdorur detajet e m\u00ebposhtme t\u00eb kontaktit:<\/h3>\n<p><em>Hirnb\u00f6ck Stabau GmbH\u00a0|\u00a0Aubergstra\u00dfe 15 |\u00a05161 Elixhausen \/ Austria<br \/>\nT.:\u00a0+43 662 450613 | E.: <a href=\"mailto:office@spundbohle.at\">office@spundbohle.at<\/a> <\/em><\/p>\n","protected":false},"excerpt":{"rendered":"<p>Q\u00eb nga: 1 tetor 2019 Mbrojtja e t\u00eb dh\u00ebnave tuaja personale \u00ebsht\u00eb ve\u00e7an\u00ebrisht e r\u00ebnd\u00ebsishme p\u00ebr ne. Prandaj, ne i p\u00ebrpunojm\u00eb t\u00eb dh\u00ebnat tuaja ekskluzivisht n\u00eb baz\u00eb t\u00eb dispozitave ligjore (GDPR, TKG 2003). N\u00eb k\u00ebt\u00eb informacion p\u00ebr mbrojtjen e t\u00eb dh\u00ebnave, ne ju informojm\u00eb p\u00ebr aspektet m\u00eb t\u00eb r\u00ebnd\u00ebsishme t\u00eb p\u00ebrpunimit t\u00eb t\u00eb dh\u00ebnave n\u00eb [&hellip;]<\/p>\n","protected":false},"author":1,"featured_media":0,"parent":0,"menu_order":1010,"comment_status":"closed","ping_status":"open","template":"","meta":{"_acf_changed":false,"footnotes":""},"class_list":["post-5174","page","type-page","status-publish","hentry"],"acf":[],"_links":{"self":[{"href":"https:\/\/www.spundbohle.at\/sq\/wp-json\/wp\/v2\/pages\/5174","targetHints":{"allow":["GET"]}}],"collection":[{"href":"https:\/\/www.spundbohle.at\/sq\/wp-json\/wp\/v2\/pages"}],"about":[{"href":"https:\/\/www.spundbohle.at\/sq\/wp-json\/wp\/v2\/types\/page"}],"author":[{"embeddable":true,"href":"https:\/\/www.spundbohle.at\/sq\/wp-json\/wp\/v2\/users\/1"}],"replies":[{"embeddable":true,"href":"https:\/\/www.spundbohle.at\/sq\/wp-json\/wp\/v2\/comments?post=5174"}],"version-history":[{"count":3,"href":"https:\/\/www.spundbohle.at\/sq\/wp-json\/wp\/v2\/pages\/5174\/revisions"}],"predecessor-version":[{"id":5606,"href":"https:\/\/www.spundbohle.at\/sq\/wp-json\/wp\/v2\/pages\/5174\/revisions\/5606"}],"wp:attachment":[{"href":"https:\/\/www.spundbohle.at\/sq\/wp-json\/wp\/v2\/media?parent=5174"}],"curies":[{"name":"wp","href":"https:\/\/api.w.org\/{rel}","templated":true}]}}