{"id":8370,"date":"2021-01-26T15:19:03","date_gmt":"2021-01-26T14:19:03","guid":{"rendered":"https:\/\/www.spundbohle.at\/imprint\/"},"modified":"2025-06-25T14:43:35","modified_gmt":"2025-06-25T12:43:35","slug":"kuenye","status":"publish","type":"page","link":"https:\/\/www.spundbohle.at\/tr\/kuenye\/","title":{"rendered":"K\u00fcnye"},"content":{"rendered":"<p>Hirnb\u00f6ck Stabau GmbH<\/p>\n<p>Aubergstra\u00dfe 27<br \/>\n5161 Elixhausen \/ \u00d6sterreich<\/p>\n<p>T.: +43 662 450613<br \/>\nF.: +43 662 450613 514<br \/>\nE.: <a href=\"mailto:office@spundbohle.at\">office@spundbohle.at<\/a><br \/>\nH.: www.spundbohle. <\/p>\n<h3>Yasal bilgiler<\/h3>\n<p><strong>Y\u00f6netici M\u00fcd\u00fcr: <\/strong>Fritz Hirnb\u00f6ck<br \/>\n<strong>UID Numaras\u0131: <\/strong>ATU57809688<br \/>\n<strong>\u015eirket sicil numaras\u0131: <\/strong>FN246349d<br \/>\n<strong>Ticaret Sicil Mahkemesi: <\/strong>LG Salzburg<br \/>\n<strong>Ekonomi Odas\u0131 kurulu\u015fu \u00fcyesi:<\/strong> Wirtschaftskammer Salzburg, Sparte Handel<br \/>\n<strong>Mevzuat: <\/strong>Gewerbeordnung: <a href=\"http:\/\/www. ris.bka.gv.at\">www.ris.bka.gv.at<\/a><br \/>\nBezirkshauptmannschaft Salzburg<br \/>\n<strong>\u0130\u015f amac\u0131: <\/strong>Handel mit Stahlprofilen<br \/>\n<strong>Yay\u0131nc\u0131 ve Medya Sahibi:<\/strong><br \/>\nHirnb\u00f6ck Stabau GmbH<br \/>\nFritz Hirnb\u00f6ck<br \/>\nAubergstra\u00dfe 27<br \/>\n5161 Elixhausen<\/p>\n<p>&nbsp;<\/p>\n<h3>Yasal Bilgiler<\/h3>\n<p>Hirnb\u00f6ck Stabau GmbH, web sitesindeki bilgileri s\u00fcrekli olarak kontrol eder ve g\u00fcnceller. G\u00f6sterilen t\u00fcm \u00f6zene ra\u011fmen, veriler art\u0131k do\u011fru veya g\u00fcncel olmayabilir. Bu nedenle, sa\u011flanan bilgilerin ge\u00e7erlili\u011fi, do\u011frulu\u011fu ve eksiksizli\u011fi i\u00e7in herhangi bir sorumluluk veya garanti kabul edilemez. Ayn\u0131 durum, kullan\u0131c\u0131lar\u0131n k\u00f6pr\u00fcler arac\u0131l\u0131\u011f\u0131yla y\u00f6nlendirilebilece\u011fi di\u011fer t\u00fcm web siteleri i\u00e7in de ge\u00e7erlidir. \u00dc\u00e7\u00fcnc\u00fc taraf web sitelerine ba\u011flanma riski kullan\u0131c\u0131ya aittir.<\/p>\n<p>Hirnb\u00f6ck Stabau GmbH, bu ba\u011flant\u0131lar \u00fczerinden eri\u015filen web sitelerinin i\u00e7eri\u011finden sorumlu de\u011fildir. Ayr\u0131ca, Doktorschl\u00f6ssl Salzburg, sa\u011flanan bilgilerde herhangi bir zamanda de\u011fi\u015fiklik veya ekleme yapma hakk\u0131n\u0131 sakl\u0131 tutar. Bu web sitelerinin i\u00e7eri\u011fi ve yap\u0131s\u0131 telif hakk\u0131 ile korunmaktad\u0131r. Bilgilerin \u00e7o\u011falt\u0131lmas\u0131, \u00f6zellikle metinlerin, metin par\u00e7alar\u0131n\u0131n veya resim materyallerinin kullan\u0131lmas\u0131, \u015f\u00fcphe durumunda WDW WerbeDesign Wanger e.U. olan yazar\u0131n \u00f6nceden onay\u0131n\u0131 gerektirir.<\/p>\n<p>A\u015fa\u011f\u0131daki sayfalarda Hirnb\u00f6ck Stabau GmbH&#8217;nin di\u011fer yasal bilgilerini bulabilirsiniz:<\/p>\n<ul>\n<li><a href=\"https:\/\/www.spundbohle.at\/tr\/gtc\/\">Genel \u015fartlar ve ko\u015fullar<\/a><\/li>\n<li><a href=\"https:\/\/www.spundbohle.at\/tr\/grt\/\">genel kira \u015fartlar\u0131 ve ko\u015fullar\u0131<\/a><\/li>\n<li><a href=\"https:\/\/www.spundbohle.at\/en\/data-protection\/\">Veri koruma<\/a><\/li>\n<\/ul>\n<h3>AB-Uyu\u015fmazl\u0131k \u00c7\u00f6z\u00fcm Y\u00f6netmeli\u011fi<\/h3>\n<p>Avrupa Parlamentosu ve Konseyi&#8217;nin 524\/2013 say\u0131l\u0131 (AB) Y\u00f6netmeli\u011fi kapsam\u0131nda zorunlu bilgiler: Avrupa Komisyonu&#8217;nun \u00e7evrimi\u00e7i uyu\u015fmazl\u0131k \u00e7\u00f6z\u00fcm organ\u0131n\u0131n ana sayfas\u0131na ba\u011flant\u0131: <a href=\"http:\/\/ec.europa.eu\/consumers\/odr\/\">http:\/\/ec.europa.eu\/consumers\/odr\/<\/a><\/p>\n<p>Olas\u0131 bir uyu\u015fmazl\u0131k \u00e7\u00f6z\u00fcm\u00fcne ili\u015fkin ilk sorular\u0131n\u0131z i\u00e7in <a href=\"mailto:office@spundbohle.at\">office@spundbohle.at<\/a> adresinden bize ula\u015fabilirsiniz.<\/p>\n<h3>Reklam ajans\u0131<\/h3>\n<p>Internetagentur &#038; Werbeagentur<br \/>\nWDW WerbeDesign Wanger e.U.<br \/>\n5071 Wals bei Salzburg \/ Avusturya<br \/>\nH.: <a href=\"http:\/\/www.wdw.at\">www.wdw.at<\/a><\/p>\n","protected":false},"excerpt":{"rendered":"<p>Hirnb\u00f6ck Stabau GmbH Aubergstra\u00dfe 27 5161 Elixhausen \/ \u00d6sterreich T.: +43 662 450613 F.: +43 662 450613 514 E.: office@spundbohle.at H.: www.spundbohle. Yasal bilgiler Y\u00f6netici M\u00fcd\u00fcr: Fritz Hirnb\u00f6ck UID Numaras\u0131: ATU57809688 \u015eirket sicil numaras\u0131: FN246349d Ticaret Sicil Mahkemesi: LG Salzburg Ekonomi Odas\u0131 kurulu\u015fu \u00fcyesi: Wirtschaftskammer Salzburg, Sparte Handel Mevzuat: Gewerbeordnung: www.ris.bka.gv.at Bezirkshauptmannschaft Salzburg \u0130\u015f amac\u0131: [&hellip;]<\/p>\n","protected":false},"author":1,"featured_media":0,"parent":0,"menu_order":1000,"comment_status":"closed","ping_status":"closed","template":"","meta":{"_acf_changed":false,"footnotes":""},"class_list":["post-8370","page","type-page","status-publish","hentry"],"acf":[],"_links":{"self":[{"href":"https:\/\/www.spundbohle.at\/tr\/wp-json\/wp\/v2\/pages\/8370","targetHints":{"allow":["GET"]}}],"collection":[{"href":"https:\/\/www.spundbohle.at\/tr\/wp-json\/wp\/v2\/pages"}],"about":[{"href":"https:\/\/www.spundbohle.at\/tr\/wp-json\/wp\/v2\/types\/page"}],"author":[{"embeddable":true,"href":"https:\/\/www.spundbohle.at\/tr\/wp-json\/wp\/v2\/users\/1"}],"replies":[{"embeddable":true,"href":"https:\/\/www.spundbohle.at\/tr\/wp-json\/wp\/v2\/comments?post=8370"}],"version-history":[{"count":3,"href":"https:\/\/www.spundbohle.at\/tr\/wp-json\/wp\/v2\/pages\/8370\/revisions"}],"predecessor-version":[{"id":9384,"href":"https:\/\/www.spundbohle.at\/tr\/wp-json\/wp\/v2\/pages\/8370\/revisions\/9384"}],"wp:attachment":[{"href":"https:\/\/www.spundbohle.at\/tr\/wp-json\/wp\/v2\/media?parent=8370"}],"curies":[{"name":"wp","href":"https:\/\/api.w.org\/{rel}","templated":true}]}}